{"id":9183,"date":"2026-01-11T17:40:54","date_gmt":"2026-01-11T17:40:54","guid":{"rendered":"https:\/\/medusa-sdp.com\/?post_type=product&#038;p=9183"},"modified":"2026-02-03T17:26:08","modified_gmt":"2026-02-03T17:26:08","slug":"medusa-wet-wipes-alcohol-free-canister","status":"publish","type":"product","link":"https:\/\/medusa-sdp.com\/de\/produkt\/medusa-wet-wipes-alcohol-free-canister\/","title":{"rendered":"MEDUSA Feuchtt\u00fccher Alkoholfrei Kanister"},"content":{"rendered":"<p>100 MEDUSA Wischt\u00fccher in einem stabilen Kanister, alkoholfrei und gebrauchsfertig f\u00fcr zuverl\u00e4ssigen Oberfl\u00e4chenschutz. MEDUSA Alkoholfreie Wischt\u00fccher sind die ultimative L\u00f6sung f\u00fcr Umgebungen, die sanfte und dennoch kompromisslose Hygiene erfordern. Die Wischt\u00fccher wurden f\u00fcr Sicherheit entwickelt, ohne die Leistung zu beeintr\u00e4chtigen, und sind ideal f\u00fcr empfindliche Oberfl\u00e4chen und sensible Bereiche.<\/p>\n<p><strong>MENGE :<\/strong> 100 T\u00fccher<\/p>\n<p><strong>SPEZIFIKATIONEN :<\/strong> Kanister<\/p>","protected":false},"excerpt":{"rendered":"<ol>\n<li>Di-Decyl-Di-Methyl-Ammoniumchlorid<\/li>\n<li>Benzalkoniumchlorid<\/li>\n<li>Polyquat DMA\/E 50<\/li>\n<li>Baumwollt\u00fccher<\/li>\n<\/ol>","protected":false},"featured_media":10409,"comment_status":"open","ping_status":"closed","template":"","meta":[],"product_brand":[],"product_cat":[96],"product_tag":[77,72,74],"class_list":{"0":"post-9183","1":"product","2":"type-product","3":"status-publish","4":"has-post-thumbnail","6":"product_cat-wet-wipes","7":"product_tag-canister","8":"product_tag-disinfectant","9":"product_tag-wipes","11":"first","12":"instock","13":"sale","14":"taxable","15":"shipping-taxable","16":"purchasable","17":"product-type-simple"},"yoast_head":"<!-- This site is optimized with the Yoast SEO plugin v27.5 - https:\/\/yoast.com\/product\/yoast-seo-wordpress\/ -->\n<title>MEDUSA Wet Wipes Alcohol Free Canister - Medusa<\/title>\n<meta name=\"robots\" content=\"index, follow, max-snippet:-1, max-image-preview:large, max-video-preview:-1\" \/>\n<link rel=\"canonical\" href=\"https:\/\/medusa-sdp.com\/de\/produkt\/medusa-wet-wipes-alcohol-free-canister\/\" \/>\n<meta property=\"og:locale\" content=\"de_DE\" \/>\n<meta property=\"og:type\" content=\"article\" \/>\n<meta property=\"og:title\" content=\"MEDUSA Wet Wipes Alcohol Free Canister - Medusa\" \/>\n<meta property=\"og:description\" content=\"Di-decyl di-methyl Ammonium Chloride  Benzalkonium Chloride  Polyquat DMA\/E 50  Cotton Wipes\" \/>\n<meta property=\"og:url\" content=\"https:\/\/medusa-sdp.com\/de\/produkt\/medusa-wet-wipes-alcohol-free-canister\/\" \/>\n<meta property=\"og:site_name\" content=\"Medusa\" \/>\n<meta property=\"article:modified_time\" content=\"2026-02-03T17:26:08+00:00\" \/>\n<meta property=\"og:image\" content=\"https:\/\/medusa-sdp.com\/wp-content\/uploads\/2026\/01\/MEDUSA-Alcohol-Free-Wipes-Canister-100-Front.jpg\" \/>\n\t<meta property=\"og:image:width\" content=\"1080\" \/>\n\t<meta property=\"og:image:height\" content=\"1080\" \/>\n\t<meta property=\"og:image:type\" content=\"image\/jpeg\" \/>\n<meta name=\"twitter:card\" content=\"summary_large_image\" \/>\n<script type=\"application\/ld+json\" class=\"yoast-schema-graph\">{\"@context\":\"https:\\\/\\\/schema.org\",\"@graph\":[{\"@type\":\"WebPage\",\"@id\":\"https:\\\/\\\/medusa-sdp.com\\\/product\\\/medusa-wet-wipes-alcohol-free-canister\\\/\",\"url\":\"https:\\\/\\\/medusa-sdp.com\\\/product\\\/medusa-wet-wipes-alcohol-free-canister\\\/\",\"name\":\"MEDUSA Wet Wipes Alcohol Free Canister - Medusa\",\"isPartOf\":{\"@id\":\"https:\\\/\\\/medusa-sdp.com\\\/en\\\/#website\"},\"primaryImageOfPage\":{\"@id\":\"https:\\\/\\\/medusa-sdp.com\\\/product\\\/medusa-wet-wipes-alcohol-free-canister\\\/#primaryimage\"},\"image\":{\"@id\":\"https:\\\/\\\/medusa-sdp.com\\\/product\\\/medusa-wet-wipes-alcohol-free-canister\\\/#primaryimage\"},\"thumbnailUrl\":\"https:\\\/\\\/medusa-sdp.com\\\/wp-content\\\/uploads\\\/2026\\\/01\\\/MEDUSA-Alcohol-Free-Wipes-Canister-100-Front.jpg\",\"datePublished\":\"2026-01-11T17:40:54+00:00\",\"dateModified\":\"2026-02-03T17:26:08+00:00\",\"breadcrumb\":{\"@id\":\"https:\\\/\\\/medusa-sdp.com\\\/product\\\/medusa-wet-wipes-alcohol-free-canister\\\/#breadcrumb\"},\"inLanguage\":\"de\",\"potentialAction\":[{\"@type\":\"ReadAction\",\"target\":[\"https:\\\/\\\/medusa-sdp.com\\\/product\\\/medusa-wet-wipes-alcohol-free-canister\\\/\"]}]},{\"@type\":\"ImageObject\",\"inLanguage\":\"de\",\"@id\":\"https:\\\/\\\/medusa-sdp.com\\\/product\\\/medusa-wet-wipes-alcohol-free-canister\\\/#primaryimage\",\"url\":\"https:\\\/\\\/medusa-sdp.com\\\/wp-content\\\/uploads\\\/2026\\\/01\\\/MEDUSA-Alcohol-Free-Wipes-Canister-100-Front.jpg\",\"contentUrl\":\"https:\\\/\\\/medusa-sdp.com\\\/wp-content\\\/uploads\\\/2026\\\/01\\\/MEDUSA-Alcohol-Free-Wipes-Canister-100-Front.jpg\",\"width\":1080,\"height\":1080},{\"@type\":\"BreadcrumbList\",\"@id\":\"https:\\\/\\\/medusa-sdp.com\\\/product\\\/medusa-wet-wipes-alcohol-free-canister\\\/#breadcrumb\",\"itemListElement\":[{\"@type\":\"ListItem\",\"position\":1,\"name\":\"Home\",\"item\":\"https:\\\/\\\/medusa-sdp.com\\\/en\\\/\"},{\"@type\":\"ListItem\",\"position\":2,\"name\":\"Shop\",\"item\":\"https:\\\/\\\/medusa-sdp.com\\\/shop\\\/\"},{\"@type\":\"ListItem\",\"position\":3,\"name\":\"MEDUSA Wet Wipes Alcohol Free Canister\"}]},{\"@type\":\"WebSite\",\"@id\":\"https:\\\/\\\/medusa-sdp.com\\\/en\\\/#website\",\"url\":\"https:\\\/\\\/medusa-sdp.com\\\/en\\\/\",\"name\":\"Medusa\",\"description\":\"Smart Disinfectant Protection\",\"publisher\":{\"@id\":\"https:\\\/\\\/medusa-sdp.com\\\/en\\\/#organization\"},\"potentialAction\":[{\"@type\":\"SearchAction\",\"target\":{\"@type\":\"EntryPoint\",\"urlTemplate\":\"https:\\\/\\\/medusa-sdp.com\\\/en\\\/?s={search_term_string}\"},\"query-input\":{\"@type\":\"PropertyValueSpecification\",\"valueRequired\":true,\"valueName\":\"search_term_string\"}}],\"inLanguage\":\"de\"},{\"@type\":\"Organization\",\"@id\":\"https:\\\/\\\/medusa-sdp.com\\\/en\\\/#organization\",\"name\":\"CS Interpharm General Trading Co. L.L.C.\",\"url\":\"https:\\\/\\\/medusa-sdp.com\\\/en\\\/\",\"logo\":{\"@type\":\"ImageObject\",\"inLanguage\":\"de\",\"@id\":\"https:\\\/\\\/medusa-sdp.com\\\/en\\\/#\\\/schema\\\/logo\\\/image\\\/\",\"url\":\"https:\\\/\\\/medusa-sdp.com\\\/wp-content\\\/uploads\\\/2025\\\/05\\\/medusa-logo-1.png\",\"contentUrl\":\"https:\\\/\\\/medusa-sdp.com\\\/wp-content\\\/uploads\\\/2025\\\/05\\\/medusa-logo-1.png\",\"width\":415,\"height\":255,\"caption\":\"CS Interpharm General Trading Co. L.L.C.\"},\"image\":{\"@id\":\"https:\\\/\\\/medusa-sdp.com\\\/en\\\/#\\\/schema\\\/logo\\\/image\\\/\"}}]}<\/script>\n<!-- \/ Yoast SEO plugin. -->","yoast_head_json":{"title":"MEDUSA Feuchtt\u00fccher Alkoholfrei Dose - Medusa","robots":{"index":"index","follow":"follow","max-snippet":"max-snippet:-1","max-image-preview":"max-image-preview:large","max-video-preview":"max-video-preview:-1"},"canonical":"https:\/\/medusa-sdp.com\/de\/produkt\/medusa-wet-wipes-alcohol-free-canister\/","og_locale":"de_DE","og_type":"article","og_title":"MEDUSA Wet Wipes Alcohol Free Canister - Medusa","og_description":"Di-decyl di-methyl Ammonium Chloride  Benzalkonium Chloride  Polyquat DMA\/E 50  Cotton Wipes","og_url":"https:\/\/medusa-sdp.com\/de\/produkt\/medusa-wet-wipes-alcohol-free-canister\/","og_site_name":"Medusa","article_modified_time":"2026-02-03T17:26:08+00:00","og_image":[{"width":1080,"height":1080,"url":"https:\/\/medusa-sdp.com\/wp-content\/uploads\/2026\/01\/MEDUSA-Alcohol-Free-Wipes-Canister-100-Front.jpg","type":"image\/jpeg"}],"twitter_card":"summary_large_image","schema":{"@context":"https:\/\/schema.org","@graph":[{"@type":"WebPage","@id":"https:\/\/medusa-sdp.com\/product\/medusa-wet-wipes-alcohol-free-canister\/","url":"https:\/\/medusa-sdp.com\/product\/medusa-wet-wipes-alcohol-free-canister\/","name":"MEDUSA Feuchtt\u00fccher Alkoholfrei Dose - Medusa","isPartOf":{"@id":"https:\/\/medusa-sdp.com\/en\/#website"},"primaryImageOfPage":{"@id":"https:\/\/medusa-sdp.com\/product\/medusa-wet-wipes-alcohol-free-canister\/#primaryimage"},"image":{"@id":"https:\/\/medusa-sdp.com\/product\/medusa-wet-wipes-alcohol-free-canister\/#primaryimage"},"thumbnailUrl":"https:\/\/medusa-sdp.com\/wp-content\/uploads\/2026\/01\/MEDUSA-Alcohol-Free-Wipes-Canister-100-Front.jpg","datePublished":"2026-01-11T17:40:54+00:00","dateModified":"2026-02-03T17:26:08+00:00","breadcrumb":{"@id":"https:\/\/medusa-sdp.com\/product\/medusa-wet-wipes-alcohol-free-canister\/#breadcrumb"},"inLanguage":"de","potentialAction":[{"@type":"ReadAction","target":["https:\/\/medusa-sdp.com\/product\/medusa-wet-wipes-alcohol-free-canister\/"]}]},{"@type":"ImageObject","inLanguage":"de","@id":"https:\/\/medusa-sdp.com\/product\/medusa-wet-wipes-alcohol-free-canister\/#primaryimage","url":"https:\/\/medusa-sdp.com\/wp-content\/uploads\/2026\/01\/MEDUSA-Alcohol-Free-Wipes-Canister-100-Front.jpg","contentUrl":"https:\/\/medusa-sdp.com\/wp-content\/uploads\/2026\/01\/MEDUSA-Alcohol-Free-Wipes-Canister-100-Front.jpg","width":1080,"height":1080},{"@type":"BreadcrumbList","@id":"https:\/\/medusa-sdp.com\/product\/medusa-wet-wipes-alcohol-free-canister\/#breadcrumb","itemListElement":[{"@type":"ListItem","position":1,"name":"Home","item":"https:\/\/medusa-sdp.com\/en\/"},{"@type":"ListItem","position":2,"name":"Shop","item":"https:\/\/medusa-sdp.com\/shop\/"},{"@type":"ListItem","position":3,"name":"MEDUSA Wet Wipes Alcohol Free Canister"}]},{"@type":"WebSite","@id":"https:\/\/medusa-sdp.com\/en\/#website","url":"https:\/\/medusa-sdp.com\/en\/","name":"Medusa","description":"Intelligenter Desinfektionsschutz","publisher":{"@id":"https:\/\/medusa-sdp.com\/en\/#organization"},"potentialAction":[{"@type":"SearchAction","target":{"@type":"EntryPoint","urlTemplate":"https:\/\/medusa-sdp.com\/en\/?s={search_term_string}"},"query-input":{"@type":"PropertyValueSpecification","valueRequired":true,"valueName":"search_term_string"}}],"inLanguage":"de"},{"@type":"Organization","@id":"https:\/\/medusa-sdp.com\/en\/#organization","name":"CS Interpharm General Trading Co. L.L.C.","url":"https:\/\/medusa-sdp.com\/en\/","logo":{"@type":"ImageObject","inLanguage":"de","@id":"https:\/\/medusa-sdp.com\/en\/#\/schema\/logo\/image\/","url":"https:\/\/medusa-sdp.com\/wp-content\/uploads\/2025\/05\/medusa-logo-1.png","contentUrl":"https:\/\/medusa-sdp.com\/wp-content\/uploads\/2025\/05\/medusa-logo-1.png","width":415,"height":255,"caption":"CS Interpharm General Trading Co. L.L.C."},"image":{"@id":"https:\/\/medusa-sdp.com\/en\/#\/schema\/logo\/image\/"}}]}},"_links":{"self":[{"href":"https:\/\/medusa-sdp.com\/de\/wp-json\/wp\/v2\/product\/9183","targetHints":{"allow":["GET"]}}],"collection":[{"href":"https:\/\/medusa-sdp.com\/de\/wp-json\/wp\/v2\/product"}],"about":[{"href":"https:\/\/medusa-sdp.com\/de\/wp-json\/wp\/v2\/types\/product"}],"replies":[{"embeddable":true,"href":"https:\/\/medusa-sdp.com\/de\/wp-json\/wp\/v2\/comments?post=9183"}],"wp:featuredmedia":[{"embeddable":true,"href":"https:\/\/medusa-sdp.com\/de\/wp-json\/wp\/v2\/media\/10409"}],"wp:attachment":[{"href":"https:\/\/medusa-sdp.com\/de\/wp-json\/wp\/v2\/media?parent=9183"}],"wp:term":[{"taxonomy":"product_brand","embeddable":true,"href":"https:\/\/medusa-sdp.com\/de\/wp-json\/wp\/v2\/product_brand?post=9183"},{"taxonomy":"product_cat","embeddable":true,"href":"https:\/\/medusa-sdp.com\/de\/wp-json\/wp\/v2\/product_cat?post=9183"},{"taxonomy":"product_tag","embeddable":true,"href":"https:\/\/medusa-sdp.com\/de\/wp-json\/wp\/v2\/product_tag?post=9183"}],"curies":[{"name":"wp","href":"https:\/\/api.w.org\/{rel}","templated":true}]}}