{"id":7488,"date":"2025-04-14T13:59:50","date_gmt":"2025-04-14T13:59:50","guid":{"rendered":"https:\/\/medusa-sdp.com\/?page_id=7488"},"modified":"2026-01-28T13:05:09","modified_gmt":"2026-01-28T13:05:09","slug":"my-account","status":"publish","type":"page","link":"https:\/\/medusa-sdp.com\/tr\/my-account\/","title":{"rendered":"Hesab\u0131m"},"content":{"rendered":"<div data-elementor-type=\"wp-page\" data-elementor-id=\"7488\" class=\"elementor elementor-7488\" data-elementor-post-type=\"page\">\n\t\t\t\t<div class=\"elementor-element elementor-element-a87cdac e-con-full e-flex e-con e-parent\" data-id=\"a87cdac\" data-element_type=\"container\" data-e-type=\"container\" data-settings=\"{&quot;background_background&quot;:&quot;gradient&quot;}\">\n\t\t<div class=\"elementor-element elementor-element-11fa52d e-con-full e-flex e-con e-child\" data-id=\"11fa52d\" data-element_type=\"container\" data-e-type=\"container\">\n\t\t\t\t<div class=\"elementor-element elementor-element-f110f29 animated-fast elementor-invisible elementor-widget elementor-widget-heading\" data-id=\"f110f29\" data-element_type=\"widget\" data-e-type=\"widget\" data-settings=\"{&quot;_animation&quot;:&quot;slideInUp&quot;}\" data-widget_type=\"heading.default\">\n\t\t\t\t<div class=\"elementor-widget-container\">\n\t\t\t\t\t<h2 class=\"elementor-heading-title elementor-size-default\">HESABIM<\/h2>\t\t\t\t<\/div>\n\t\t\t\t<\/div>\n\t\t\t\t<\/div>\n\t\t\t\t<\/div>\n\t\t<div class=\"elementor-element elementor-element-4c01184 e-con-full e-flex e-con e-parent\" data-id=\"4c01184\" data-element_type=\"container\" data-e-type=\"container\">\n\t\t\t\t<div class=\"elementor-element elementor-element-81b972d e-my-account-tabs-vertical elementor-widget elementor-widget-woocommerce-my-account\" data-id=\"81b972d\" data-element_type=\"widget\" data-e-type=\"widget\" data-settings=\"{&quot;customize_dashboard_check&quot;:&quot;yes&quot;}\" data-widget_type=\"woocommerce-my-account.default\">\n\t\t\t\t<div class=\"elementor-widget-container\">\n\t\t\t\t\t<div class=\"e-my-account-tab e-my-account-tab__\">\t\t\t<div class=\"woocommerce\"><\/div>\t\t<\/div>\n\t\t\t\t\t\t<\/div>\n\t\t\t\t<\/div>\n\t\t\t\t<\/div>\n\t\t\t\t<\/div>","protected":false},"excerpt":{"rendered":"<p>HESABIM Kontrol Paneli Sipari\u015fler \u0130ndirmeler Adresler \u00d6deme y\u00f6ntemleri Hesap Ayr\u0131nt\u0131lar\u0131 Oturum Kapatma Merhaba admin_medusa (admin_medusa de\u011fil misiniz? Oturumu kapat\u0131n) Hesap kontrol panelinizden son sipari\u015flerinizi g\u00f6r\u00fcnt\u00fcleyebilir, g\u00f6nderim ve fatura adreslerinizi y\u00f6netebilir, \u015fifrenizi ve hesap ayr\u0131nt\u0131lar\u0131n\u0131z\u0131 d\u00fczenleyebilirsiniz.<\/p>","protected":false},"author":1,"featured_media":0,"parent":0,"menu_order":0,"comment_status":"closed","ping_status":"closed","template":"elementor_header_footer","meta":{"footnotes":""},"class_list":["post-7488","page","type-page","status-publish","hentry"],"yoast_head":"<!-- This site is optimized with the Yoast SEO plugin v27.5 - https:\/\/yoast.com\/product\/yoast-seo-wordpress\/ -->\n<title>My Account - Medusa<\/title>\n<meta name=\"robots\" content=\"index, follow, max-snippet:-1, max-image-preview:large, max-video-preview:-1\" \/>\n<link rel=\"canonical\" href=\"http:\/\/medusa-sdp.com\/tr\/my-account\/\" \/>\n<meta property=\"og:locale\" content=\"tr_TR\" \/>\n<meta property=\"og:type\" content=\"article\" \/>\n<meta property=\"og:title\" content=\"My Account - Medusa\" \/>\n<meta property=\"og:description\" content=\"MY ACCOUNT Dashboard Orders Downloads Addresses Payment methods Account Details Logout Hello admin_medusa (not admin_medusa? Log out) From your account dashboard you can view your recent orders, manage your shipping and billing addresses, and edit your password and account details.\" \/>\n<meta property=\"og:url\" content=\"http:\/\/medusa-sdp.com\/tr\/my-account\/\" \/>\n<meta property=\"og:site_name\" content=\"Medusa\" \/>\n<meta property=\"article:modified_time\" content=\"2026-01-28T13:05:09+00:00\" \/>\n<meta name=\"twitter:card\" content=\"summary_large_image\" \/>\n<script type=\"application\/ld+json\" class=\"yoast-schema-graph\">{\"@context\":\"https:\\\/\\\/schema.org\",\"@graph\":[{\"@type\":\"WebPage\",\"@id\":\"http:\\\/\\\/medusa-sdp.com\\\/tr\\\/my-account\\\/\",\"url\":\"http:\\\/\\\/medusa-sdp.com\\\/tr\\\/my-account\\\/\",\"name\":\"My Account - Medusa\",\"isPartOf\":{\"@id\":\"https:\\\/\\\/medusa-sdp.com\\\/en\\\/#website\"},\"datePublished\":\"2025-04-14T13:59:50+00:00\",\"dateModified\":\"2026-01-28T13:05:09+00:00\",\"breadcrumb\":{\"@id\":\"http:\\\/\\\/medusa-sdp.com\\\/tr\\\/my-account\\\/#breadcrumb\"},\"inLanguage\":\"tr\",\"potentialAction\":[{\"@type\":\"ReadAction\",\"target\":[\"http:\\\/\\\/medusa-sdp.com\\\/tr\\\/my-account\\\/\"]}]},{\"@type\":\"BreadcrumbList\",\"@id\":\"http:\\\/\\\/medusa-sdp.com\\\/tr\\\/my-account\\\/#breadcrumb\",\"itemListElement\":[{\"@type\":\"ListItem\",\"position\":1,\"name\":\"Home\",\"item\":\"https:\\\/\\\/medusa-sdp.com\\\/en\\\/\"},{\"@type\":\"ListItem\",\"position\":2,\"name\":\"My Account\"}]},{\"@type\":\"WebSite\",\"@id\":\"https:\\\/\\\/medusa-sdp.com\\\/en\\\/#website\",\"url\":\"https:\\\/\\\/medusa-sdp.com\\\/en\\\/\",\"name\":\"Medusa\",\"description\":\"Smart Disinfectant Protection\",\"publisher\":{\"@id\":\"https:\\\/\\\/medusa-sdp.com\\\/en\\\/#organization\"},\"potentialAction\":[{\"@type\":\"SearchAction\",\"target\":{\"@type\":\"EntryPoint\",\"urlTemplate\":\"https:\\\/\\\/medusa-sdp.com\\\/en\\\/?s={search_term_string}\"},\"query-input\":{\"@type\":\"PropertyValueSpecification\",\"valueRequired\":true,\"valueName\":\"search_term_string\"}}],\"inLanguage\":\"tr\"},{\"@type\":\"Organization\",\"@id\":\"https:\\\/\\\/medusa-sdp.com\\\/en\\\/#organization\",\"name\":\"CS Interpharm General Trading Co. L.L.C.\",\"url\":\"https:\\\/\\\/medusa-sdp.com\\\/en\\\/\",\"logo\":{\"@type\":\"ImageObject\",\"inLanguage\":\"tr\",\"@id\":\"https:\\\/\\\/medusa-sdp.com\\\/en\\\/#\\\/schema\\\/logo\\\/image\\\/\",\"url\":\"https:\\\/\\\/medusa-sdp.com\\\/wp-content\\\/uploads\\\/2025\\\/05\\\/medusa-logo-1.png\",\"contentUrl\":\"https:\\\/\\\/medusa-sdp.com\\\/wp-content\\\/uploads\\\/2025\\\/05\\\/medusa-logo-1.png\",\"width\":415,\"height\":255,\"caption\":\"CS Interpharm General Trading Co. L.L.C.\"},\"image\":{\"@id\":\"https:\\\/\\\/medusa-sdp.com\\\/en\\\/#\\\/schema\\\/logo\\\/image\\\/\"}}]}<\/script>\n<!-- \/ Yoast SEO plugin. -->","yoast_head_json":{"title":"Hesab\u0131m - Medusa","robots":{"index":"index","follow":"follow","max-snippet":"max-snippet:-1","max-image-preview":"max-image-preview:large","max-video-preview":"max-video-preview:-1"},"canonical":"http:\/\/medusa-sdp.com\/tr\/my-account\/","og_locale":"tr_TR","og_type":"article","og_title":"My Account - Medusa","og_description":"MY ACCOUNT Dashboard Orders Downloads Addresses Payment methods Account Details Logout Hello admin_medusa (not admin_medusa? Log out) From your account dashboard you can view your recent orders, manage your shipping and billing addresses, and edit your password and account details.","og_url":"http:\/\/medusa-sdp.com\/tr\/my-account\/","og_site_name":"Medusa","article_modified_time":"2026-01-28T13:05:09+00:00","twitter_card":"summary_large_image","schema":{"@context":"https:\/\/schema.org","@graph":[{"@type":"WebPage","@id":"http:\/\/medusa-sdp.com\/tr\/my-account\/","url":"http:\/\/medusa-sdp.com\/tr\/my-account\/","name":"Hesab\u0131m - Medusa","isPartOf":{"@id":"https:\/\/medusa-sdp.com\/en\/#website"},"datePublished":"2025-04-14T13:59:50+00:00","dateModified":"2026-01-28T13:05:09+00:00","breadcrumb":{"@id":"http:\/\/medusa-sdp.com\/tr\/my-account\/#breadcrumb"},"inLanguage":"tr","potentialAction":[{"@type":"ReadAction","target":["http:\/\/medusa-sdp.com\/tr\/my-account\/"]}]},{"@type":"BreadcrumbList","@id":"http:\/\/medusa-sdp.com\/tr\/my-account\/#breadcrumb","itemListElement":[{"@type":"ListItem","position":1,"name":"Home","item":"https:\/\/medusa-sdp.com\/en\/"},{"@type":"ListItem","position":2,"name":"My Account"}]},{"@type":"WebSite","@id":"https:\/\/medusa-sdp.com\/en\/#website","url":"https:\/\/medusa-sdp.com\/en\/","name":"Medusa","description":"Ak\u0131ll\u0131 Dezenfektan Korumas\u0131","publisher":{"@id":"https:\/\/medusa-sdp.com\/en\/#organization"},"potentialAction":[{"@type":"SearchAction","target":{"@type":"EntryPoint","urlTemplate":"https:\/\/medusa-sdp.com\/en\/?s={search_term_string}"},"query-input":{"@type":"PropertyValueSpecification","valueRequired":true,"valueName":"search_term_string"}}],"inLanguage":"tr"},{"@type":"Organization","@id":"https:\/\/medusa-sdp.com\/en\/#organization","name":"CS Interpharm Genel Ticaret A.\u015e.","url":"https:\/\/medusa-sdp.com\/en\/","logo":{"@type":"ImageObject","inLanguage":"tr","@id":"https:\/\/medusa-sdp.com\/en\/#\/schema\/logo\/image\/","url":"https:\/\/medusa-sdp.com\/wp-content\/uploads\/2025\/05\/medusa-logo-1.png","contentUrl":"https:\/\/medusa-sdp.com\/wp-content\/uploads\/2025\/05\/medusa-logo-1.png","width":415,"height":255,"caption":"CS Interpharm General Trading Co. L.L.C."},"image":{"@id":"https:\/\/medusa-sdp.com\/en\/#\/schema\/logo\/image\/"}}]}},"_links":{"self":[{"href":"https:\/\/medusa-sdp.com\/tr\/wp-json\/wp\/v2\/pages\/7488","targetHints":{"allow":["GET"]}}],"collection":[{"href":"https:\/\/medusa-sdp.com\/tr\/wp-json\/wp\/v2\/pages"}],"about":[{"href":"https:\/\/medusa-sdp.com\/tr\/wp-json\/wp\/v2\/types\/page"}],"author":[{"embeddable":true,"href":"https:\/\/medusa-sdp.com\/tr\/wp-json\/wp\/v2\/users\/1"}],"replies":[{"embeddable":true,"href":"https:\/\/medusa-sdp.com\/tr\/wp-json\/wp\/v2\/comments?post=7488"}],"version-history":[{"count":280,"href":"https:\/\/medusa-sdp.com\/tr\/wp-json\/wp\/v2\/pages\/7488\/revisions"}],"predecessor-version":[{"id":10593,"href":"https:\/\/medusa-sdp.com\/tr\/wp-json\/wp\/v2\/pages\/7488\/revisions\/10593"}],"wp:attachment":[{"href":"https:\/\/medusa-sdp.com\/tr\/wp-json\/wp\/v2\/media?parent=7488"}],"curies":[{"name":"wp","href":"https:\/\/api.w.org\/{rel}","templated":true}]}}