{"id":8265,"date":"2025-04-29T13:08:40","date_gmt":"2025-04-29T13:08:40","guid":{"rendered":"https:\/\/medusa-sdp.com\/?page_id=8265"},"modified":"2026-02-03T13:37:47","modified_gmt":"2026-02-03T13:37:47","slug":"tracking","status":"publish","type":"page","link":"https:\/\/medusa-sdp.com\/tr\/tracking\/","title":{"rendered":"Takip"},"content":{"rendered":"<div data-elementor-type=\"wp-page\" data-elementor-id=\"8265\" class=\"elementor elementor-8265\" data-elementor-post-type=\"page\">\n\t\t\t\t<div class=\"elementor-element elementor-element-cad0f42 e-con-full e-flex e-con e-parent\" data-id=\"cad0f42\" data-element_type=\"container\" data-e-type=\"container\" data-settings=\"{&quot;background_background&quot;:&quot;gradient&quot;}\">\n\t\t<div class=\"elementor-element elementor-element-5cac28f e-con-full e-flex e-con e-child\" data-id=\"5cac28f\" data-element_type=\"container\" data-e-type=\"container\">\n\t\t\t\t<div class=\"elementor-element elementor-element-ec30eaf animated-fast elementor-invisible elementor-widget elementor-widget-heading\" data-id=\"ec30eaf\" data-element_type=\"widget\" data-e-type=\"widget\" data-settings=\"{&quot;_animation&quot;:&quot;slideInUp&quot;}\" data-widget_type=\"heading.default\">\n\t\t\t\t<div class=\"elementor-widget-container\">\n\t\t\t\t\t<h2 class=\"elementor-heading-title elementor-size-default\">Sipari\u015f Takibi<\/h2>\t\t\t\t<\/div>\n\t\t\t\t<\/div>\n\t\t\t\t<\/div>\n\t\t\t\t<\/div>\n\t\t<div class=\"elementor-element elementor-element-3541d47 e-con-full e-flex e-con e-parent\" data-id=\"3541d47\" data-element_type=\"container\" data-e-type=\"container\">\n\t\t\t\t<div class=\"elementor-element elementor-element-ccd6abb elementor-widget elementor-widget-wc-elements\" data-id=\"ccd6abb\" data-element_type=\"widget\" data-e-type=\"widget\" data-widget_type=\"wc-elements.default\">\n\t\t\t\t<div class=\"elementor-widget-container\">\n\t\t\t\t\t<div class=\"woocommerce\"><\/div>\t\t\t\t<\/div>\n\t\t\t\t<\/div>\n\t\t\t\t<\/div>\n\t\t\t\t<\/div>","protected":false},"excerpt":{"rendered":"<p>Sipari\u015f Takibi<\/p>","protected":false},"author":1,"featured_media":0,"parent":0,"menu_order":0,"comment_status":"closed","ping_status":"closed","template":"elementor_header_footer","meta":{"footnotes":""},"class_list":["post-8265","page","type-page","status-publish","hentry"],"yoast_head":"<!-- This site is optimized with the Yoast SEO plugin v27.5 - https:\/\/yoast.com\/product\/yoast-seo-wordpress\/ -->\n<title>Tracking - Medusa<\/title>\n<meta name=\"robots\" content=\"index, follow, max-snippet:-1, max-image-preview:large, max-video-preview:-1\" \/>\n<link rel=\"canonical\" href=\"https:\/\/medusa-sdp.com\/tr\/tracking\/\" \/>\n<meta property=\"og:locale\" content=\"tr_TR\" \/>\n<meta property=\"og:type\" content=\"article\" \/>\n<meta property=\"og:title\" content=\"Tracking - Medusa\" \/>\n<meta property=\"og:description\" content=\"Order Tracking\" \/>\n<meta property=\"og:url\" content=\"https:\/\/medusa-sdp.com\/tr\/tracking\/\" \/>\n<meta property=\"og:site_name\" content=\"Medusa\" \/>\n<meta property=\"article:modified_time\" content=\"2026-02-03T13:37:47+00:00\" \/>\n<meta name=\"twitter:card\" content=\"summary_large_image\" \/>\n<script type=\"application\/ld+json\" class=\"yoast-schema-graph\">{\"@context\":\"https:\\\/\\\/schema.org\",\"@graph\":[{\"@type\":\"WebPage\",\"@id\":\"https:\\\/\\\/medusa-sdp.com\\\/tracking\\\/\",\"url\":\"https:\\\/\\\/medusa-sdp.com\\\/tracking\\\/\",\"name\":\"Tracking - Medusa\",\"isPartOf\":{\"@id\":\"https:\\\/\\\/medusa-sdp.com\\\/en\\\/#website\"},\"datePublished\":\"2025-04-29T13:08:40+00:00\",\"dateModified\":\"2026-02-03T13:37:47+00:00\",\"breadcrumb\":{\"@id\":\"https:\\\/\\\/medusa-sdp.com\\\/tracking\\\/#breadcrumb\"},\"inLanguage\":\"tr\",\"potentialAction\":[{\"@type\":\"ReadAction\",\"target\":[\"https:\\\/\\\/medusa-sdp.com\\\/tracking\\\/\"]}]},{\"@type\":\"BreadcrumbList\",\"@id\":\"https:\\\/\\\/medusa-sdp.com\\\/tracking\\\/#breadcrumb\",\"itemListElement\":[{\"@type\":\"ListItem\",\"position\":1,\"name\":\"Home\",\"item\":\"https:\\\/\\\/medusa-sdp.com\\\/en\\\/\"},{\"@type\":\"ListItem\",\"position\":2,\"name\":\"Tracking\"}]},{\"@type\":\"WebSite\",\"@id\":\"https:\\\/\\\/medusa-sdp.com\\\/en\\\/#website\",\"url\":\"https:\\\/\\\/medusa-sdp.com\\\/en\\\/\",\"name\":\"Medusa\",\"description\":\"Smart Disinfectant Protection\",\"publisher\":{\"@id\":\"https:\\\/\\\/medusa-sdp.com\\\/en\\\/#organization\"},\"potentialAction\":[{\"@type\":\"SearchAction\",\"target\":{\"@type\":\"EntryPoint\",\"urlTemplate\":\"https:\\\/\\\/medusa-sdp.com\\\/en\\\/?s={search_term_string}\"},\"query-input\":{\"@type\":\"PropertyValueSpecification\",\"valueRequired\":true,\"valueName\":\"search_term_string\"}}],\"inLanguage\":\"tr\"},{\"@type\":\"Organization\",\"@id\":\"https:\\\/\\\/medusa-sdp.com\\\/en\\\/#organization\",\"name\":\"CS Interpharm General Trading Co. L.L.C.\",\"url\":\"https:\\\/\\\/medusa-sdp.com\\\/en\\\/\",\"logo\":{\"@type\":\"ImageObject\",\"inLanguage\":\"tr\",\"@id\":\"https:\\\/\\\/medusa-sdp.com\\\/en\\\/#\\\/schema\\\/logo\\\/image\\\/\",\"url\":\"https:\\\/\\\/medusa-sdp.com\\\/wp-content\\\/uploads\\\/2025\\\/05\\\/medusa-logo-1.png\",\"contentUrl\":\"https:\\\/\\\/medusa-sdp.com\\\/wp-content\\\/uploads\\\/2025\\\/05\\\/medusa-logo-1.png\",\"width\":415,\"height\":255,\"caption\":\"CS Interpharm General Trading Co. L.L.C.\"},\"image\":{\"@id\":\"https:\\\/\\\/medusa-sdp.com\\\/en\\\/#\\\/schema\\\/logo\\\/image\\\/\"}}]}<\/script>\n<!-- \/ Yoast SEO plugin. -->","yoast_head_json":{"title":"Takip - Medusa","robots":{"index":"index","follow":"follow","max-snippet":"max-snippet:-1","max-image-preview":"max-image-preview:large","max-video-preview":"max-video-preview:-1"},"canonical":"https:\/\/medusa-sdp.com\/tr\/tracking\/","og_locale":"tr_TR","og_type":"article","og_title":"Tracking - Medusa","og_description":"Order Tracking","og_url":"https:\/\/medusa-sdp.com\/tr\/tracking\/","og_site_name":"Medusa","article_modified_time":"2026-02-03T13:37:47+00:00","twitter_card":"summary_large_image","schema":{"@context":"https:\/\/schema.org","@graph":[{"@type":"WebPage","@id":"https:\/\/medusa-sdp.com\/tracking\/","url":"https:\/\/medusa-sdp.com\/tracking\/","name":"Takip - Medusa","isPartOf":{"@id":"https:\/\/medusa-sdp.com\/en\/#website"},"datePublished":"2025-04-29T13:08:40+00:00","dateModified":"2026-02-03T13:37:47+00:00","breadcrumb":{"@id":"https:\/\/medusa-sdp.com\/tracking\/#breadcrumb"},"inLanguage":"tr","potentialAction":[{"@type":"ReadAction","target":["https:\/\/medusa-sdp.com\/tracking\/"]}]},{"@type":"BreadcrumbList","@id":"https:\/\/medusa-sdp.com\/tracking\/#breadcrumb","itemListElement":[{"@type":"ListItem","position":1,"name":"Home","item":"https:\/\/medusa-sdp.com\/en\/"},{"@type":"ListItem","position":2,"name":"Tracking"}]},{"@type":"WebSite","@id":"https:\/\/medusa-sdp.com\/en\/#website","url":"https:\/\/medusa-sdp.com\/en\/","name":"Medusa","description":"Ak\u0131ll\u0131 Dezenfektan Korumas\u0131","publisher":{"@id":"https:\/\/medusa-sdp.com\/en\/#organization"},"potentialAction":[{"@type":"SearchAction","target":{"@type":"EntryPoint","urlTemplate":"https:\/\/medusa-sdp.com\/en\/?s={search_term_string}"},"query-input":{"@type":"PropertyValueSpecification","valueRequired":true,"valueName":"search_term_string"}}],"inLanguage":"tr"},{"@type":"Organization","@id":"https:\/\/medusa-sdp.com\/en\/#organization","name":"CS Interpharm Genel Ticaret A.\u015e.","url":"https:\/\/medusa-sdp.com\/en\/","logo":{"@type":"ImageObject","inLanguage":"tr","@id":"https:\/\/medusa-sdp.com\/en\/#\/schema\/logo\/image\/","url":"https:\/\/medusa-sdp.com\/wp-content\/uploads\/2025\/05\/medusa-logo-1.png","contentUrl":"https:\/\/medusa-sdp.com\/wp-content\/uploads\/2025\/05\/medusa-logo-1.png","width":415,"height":255,"caption":"CS Interpharm General Trading Co. L.L.C."},"image":{"@id":"https:\/\/medusa-sdp.com\/en\/#\/schema\/logo\/image\/"}}]}},"_links":{"self":[{"href":"https:\/\/medusa-sdp.com\/tr\/wp-json\/wp\/v2\/pages\/8265","targetHints":{"allow":["GET"]}}],"collection":[{"href":"https:\/\/medusa-sdp.com\/tr\/wp-json\/wp\/v2\/pages"}],"about":[{"href":"https:\/\/medusa-sdp.com\/tr\/wp-json\/wp\/v2\/types\/page"}],"author":[{"embeddable":true,"href":"https:\/\/medusa-sdp.com\/tr\/wp-json\/wp\/v2\/users\/1"}],"replies":[{"embeddable":true,"href":"https:\/\/medusa-sdp.com\/tr\/wp-json\/wp\/v2\/comments?post=8265"}],"version-history":[{"count":43,"href":"https:\/\/medusa-sdp.com\/tr\/wp-json\/wp\/v2\/pages\/8265\/revisions"}],"predecessor-version":[{"id":11490,"href":"https:\/\/medusa-sdp.com\/tr\/wp-json\/wp\/v2\/pages\/8265\/revisions\/11490"}],"wp:attachment":[{"href":"https:\/\/medusa-sdp.com\/tr\/wp-json\/wp\/v2\/media?parent=8265"}],"curies":[{"name":"wp","href":"https:\/\/api.w.org\/{rel}","templated":true}]}}