{"id":11585,"date":"2026-02-03T15:14:44","date_gmt":"2026-02-03T15:14:44","guid":{"rendered":"https:\/\/medusa-sdp.com\/?post_type=product&#038;p=11585"},"modified":"2026-02-03T15:19:33","modified_gmt":"2026-02-03T15:19:33","slug":"medusa-alcohol-free-value-pack","status":"publish","type":"product","link":"https:\/\/medusa-sdp.com\/tr\/urun\/medusa-alcohol-free-value-pack\/","title":{"rendered":"MEDUSA Alkols\u00fcz De\u011fer Paketi"},"content":{"rendered":"<p data-start=\"133\" data-end=\"363\">Fazla stok yapmadan g\u00fcnl\u00fck hijyen i\u00e7in m\u00fckemmel olan Medusa De\u011fer Paketi, evde ve hareket halindeyken size do\u011fru miktarda koruma sa\u011flar. Dezenfektan spreyler ve kullan\u0131\u015fl\u0131 \u0131slak mendillerle zahmetsizce taze ve mikropsuz kal\u0131n.<\/p>\n<p data-start=\"365\" data-end=\"388\"><strong data-start=\"365\" data-end=\"388\">Bu paket \u015funlar\u0131 i\u00e7erir:<\/strong><\/p>\n<p data-start=\"390\" data-end=\"515\">- 1 \u00d7 500ml Dezenfektan Sprey \u015ei\u015fesi<br data-start=\"427\" data-end=\"430\" \/>- 2 \u00d7 Islak Mendil Paketleri (her biri 100 mendil)<br data-start=\"468\" data-end=\"471\" \/>- 2 \u00d7 Seyahat Islak Mendil Paketleri (her biri 10 mendil)<\/p>","protected":false},"excerpt":{"rendered":"<ul>\n<li>Propanol (Propan-2-Ol)<\/li>\n<li>Di-Desil Di-Metil Amonyum Klor\u00fcr<\/li>\n<li>Benzalkonyum Klor\u00fcr<\/li>\n<li>Polyquat DMA\/E 50<\/li>\n<\/ul>","protected":false},"featured_media":10414,"comment_status":"open","ping_status":"closed","template":"","meta":[],"product_brand":[],"product_cat":[99],"product_tag":[72,76],"class_list":{"0":"post-11585","1":"product","2":"type-product","3":"status-publish","4":"has-post-thumbnail","6":"product_cat-special-packs","7":"product_tag-disinfectant","8":"product_tag-pouch","10":"first","11":"instock","12":"sale","13":"taxable","14":"shipping-taxable","15":"purchasable","16":"product-type-simple"},"yoast_head":"<!-- This site is optimized with the Yoast SEO plugin v27.5 - https:\/\/yoast.com\/product\/yoast-seo-wordpress\/ -->\n<title>MEDUSA Alcohol Free Value Pack - Medusa<\/title>\n<meta name=\"robots\" content=\"index, follow, max-snippet:-1, max-image-preview:large, max-video-preview:-1\" \/>\n<link rel=\"canonical\" href=\"https:\/\/medusa-sdp.com\/tr\/urun\/medusa-alcohol-free-value-pack\/\" \/>\n<meta property=\"og:locale\" content=\"tr_TR\" \/>\n<meta property=\"og:type\" content=\"article\" \/>\n<meta property=\"og:title\" content=\"MEDUSA Alcohol Free Value Pack - Medusa\" \/>\n<meta property=\"og:description\" content=\"Propanol (Propane-2-Ol)  Di-Decyl Di-Methyl Ammonium Chloride  Benzalkonium Chloride  Polyquat\u00a0 DMA\/E 50\" \/>\n<meta property=\"og:url\" content=\"https:\/\/medusa-sdp.com\/tr\/urun\/medusa-alcohol-free-value-pack\/\" \/>\n<meta property=\"og:site_name\" content=\"Medusa\" \/>\n<meta property=\"article:modified_time\" content=\"2026-02-03T15:19:33+00:00\" \/>\n<meta property=\"og:image\" content=\"https:\/\/medusa-sdp.com\/wp-content\/uploads\/2026\/01\/MEDUSA-Alcohol-Free-Wipes-Pouch-100-Refill.jpg\" \/>\n\t<meta property=\"og:image:width\" content=\"1080\" \/>\n\t<meta property=\"og:image:height\" content=\"1080\" \/>\n\t<meta property=\"og:image:type\" content=\"image\/jpeg\" \/>\n<meta name=\"twitter:card\" content=\"summary_large_image\" \/>\n<script type=\"application\/ld+json\" class=\"yoast-schema-graph\">{\"@context\":\"https:\\\/\\\/schema.org\",\"@graph\":[{\"@type\":\"WebPage\",\"@id\":\"https:\\\/\\\/medusa-sdp.com\\\/product\\\/medusa-alcohol-free-value-pack\\\/\",\"url\":\"https:\\\/\\\/medusa-sdp.com\\\/product\\\/medusa-alcohol-free-value-pack\\\/\",\"name\":\"MEDUSA Alcohol Free Value Pack - Medusa\",\"isPartOf\":{\"@id\":\"https:\\\/\\\/medusa-sdp.com\\\/en\\\/#website\"},\"primaryImageOfPage\":{\"@id\":\"https:\\\/\\\/medusa-sdp.com\\\/product\\\/medusa-alcohol-free-value-pack\\\/#primaryimage\"},\"image\":{\"@id\":\"https:\\\/\\\/medusa-sdp.com\\\/product\\\/medusa-alcohol-free-value-pack\\\/#primaryimage\"},\"thumbnailUrl\":\"https:\\\/\\\/medusa-sdp.com\\\/wp-content\\\/uploads\\\/2026\\\/01\\\/MEDUSA-Alcohol-Free-Wipes-Pouch-100-Refill.jpg\",\"datePublished\":\"2026-02-03T15:14:44+00:00\",\"dateModified\":\"2026-02-03T15:19:33+00:00\",\"breadcrumb\":{\"@id\":\"https:\\\/\\\/medusa-sdp.com\\\/product\\\/medusa-alcohol-free-value-pack\\\/#breadcrumb\"},\"inLanguage\":\"tr\",\"potentialAction\":[{\"@type\":\"ReadAction\",\"target\":[\"https:\\\/\\\/medusa-sdp.com\\\/product\\\/medusa-alcohol-free-value-pack\\\/\"]}]},{\"@type\":\"ImageObject\",\"inLanguage\":\"tr\",\"@id\":\"https:\\\/\\\/medusa-sdp.com\\\/product\\\/medusa-alcohol-free-value-pack\\\/#primaryimage\",\"url\":\"https:\\\/\\\/medusa-sdp.com\\\/wp-content\\\/uploads\\\/2026\\\/01\\\/MEDUSA-Alcohol-Free-Wipes-Pouch-100-Refill.jpg\",\"contentUrl\":\"https:\\\/\\\/medusa-sdp.com\\\/wp-content\\\/uploads\\\/2026\\\/01\\\/MEDUSA-Alcohol-Free-Wipes-Pouch-100-Refill.jpg\",\"width\":1080,\"height\":1080,\"caption\":\"Glossy Foil Parcel Delivery Bag Branding Mockup\"},{\"@type\":\"BreadcrumbList\",\"@id\":\"https:\\\/\\\/medusa-sdp.com\\\/product\\\/medusa-alcohol-free-value-pack\\\/#breadcrumb\",\"itemListElement\":[{\"@type\":\"ListItem\",\"position\":1,\"name\":\"Home\",\"item\":\"https:\\\/\\\/medusa-sdp.com\\\/en\\\/\"},{\"@type\":\"ListItem\",\"position\":2,\"name\":\"Shop\",\"item\":\"https:\\\/\\\/medusa-sdp.com\\\/shop\\\/\"},{\"@type\":\"ListItem\",\"position\":3,\"name\":\"MEDUSA Alcohol Free Value Pack\"}]},{\"@type\":\"WebSite\",\"@id\":\"https:\\\/\\\/medusa-sdp.com\\\/en\\\/#website\",\"url\":\"https:\\\/\\\/medusa-sdp.com\\\/en\\\/\",\"name\":\"Medusa\",\"description\":\"Smart Disinfectant Protection\",\"publisher\":{\"@id\":\"https:\\\/\\\/medusa-sdp.com\\\/en\\\/#organization\"},\"potentialAction\":[{\"@type\":\"SearchAction\",\"target\":{\"@type\":\"EntryPoint\",\"urlTemplate\":\"https:\\\/\\\/medusa-sdp.com\\\/en\\\/?s={search_term_string}\"},\"query-input\":{\"@type\":\"PropertyValueSpecification\",\"valueRequired\":true,\"valueName\":\"search_term_string\"}}],\"inLanguage\":\"tr\"},{\"@type\":\"Organization\",\"@id\":\"https:\\\/\\\/medusa-sdp.com\\\/en\\\/#organization\",\"name\":\"CS Interpharm General Trading Co. L.L.C.\",\"url\":\"https:\\\/\\\/medusa-sdp.com\\\/en\\\/\",\"logo\":{\"@type\":\"ImageObject\",\"inLanguage\":\"tr\",\"@id\":\"https:\\\/\\\/medusa-sdp.com\\\/en\\\/#\\\/schema\\\/logo\\\/image\\\/\",\"url\":\"https:\\\/\\\/medusa-sdp.com\\\/wp-content\\\/uploads\\\/2025\\\/05\\\/medusa-logo-1.png\",\"contentUrl\":\"https:\\\/\\\/medusa-sdp.com\\\/wp-content\\\/uploads\\\/2025\\\/05\\\/medusa-logo-1.png\",\"width\":415,\"height\":255,\"caption\":\"CS Interpharm General Trading Co. L.L.C.\"},\"image\":{\"@id\":\"https:\\\/\\\/medusa-sdp.com\\\/en\\\/#\\\/schema\\\/logo\\\/image\\\/\"}}]}<\/script>\n<!-- \/ Yoast SEO plugin. -->","yoast_head_json":{"title":"MEDUSA Alkols\u00fcz Paket - Medusa","robots":{"index":"index","follow":"follow","max-snippet":"max-snippet:-1","max-image-preview":"max-image-preview:large","max-video-preview":"max-video-preview:-1"},"canonical":"https:\/\/medusa-sdp.com\/tr\/urun\/medusa-alcohol-free-value-pack\/","og_locale":"tr_TR","og_type":"article","og_title":"MEDUSA Alcohol Free Value Pack - Medusa","og_description":"Propanol (Propane-2-Ol)  Di-Decyl Di-Methyl Ammonium Chloride  Benzalkonium Chloride  Polyquat\u00a0 DMA\/E 50","og_url":"https:\/\/medusa-sdp.com\/tr\/urun\/medusa-alcohol-free-value-pack\/","og_site_name":"Medusa","article_modified_time":"2026-02-03T15:19:33+00:00","og_image":[{"width":1080,"height":1080,"url":"https:\/\/medusa-sdp.com\/wp-content\/uploads\/2026\/01\/MEDUSA-Alcohol-Free-Wipes-Pouch-100-Refill.jpg","type":"image\/jpeg"}],"twitter_card":"summary_large_image","schema":{"@context":"https:\/\/schema.org","@graph":[{"@type":"WebPage","@id":"https:\/\/medusa-sdp.com\/product\/medusa-alcohol-free-value-pack\/","url":"https:\/\/medusa-sdp.com\/product\/medusa-alcohol-free-value-pack\/","name":"MEDUSA Alkols\u00fcz Paket - Medusa","isPartOf":{"@id":"https:\/\/medusa-sdp.com\/en\/#website"},"primaryImageOfPage":{"@id":"https:\/\/medusa-sdp.com\/product\/medusa-alcohol-free-value-pack\/#primaryimage"},"image":{"@id":"https:\/\/medusa-sdp.com\/product\/medusa-alcohol-free-value-pack\/#primaryimage"},"thumbnailUrl":"https:\/\/medusa-sdp.com\/wp-content\/uploads\/2026\/01\/MEDUSA-Alcohol-Free-Wipes-Pouch-100-Refill.jpg","datePublished":"2026-02-03T15:14:44+00:00","dateModified":"2026-02-03T15:19:33+00:00","breadcrumb":{"@id":"https:\/\/medusa-sdp.com\/product\/medusa-alcohol-free-value-pack\/#breadcrumb"},"inLanguage":"tr","potentialAction":[{"@type":"ReadAction","target":["https:\/\/medusa-sdp.com\/product\/medusa-alcohol-free-value-pack\/"]}]},{"@type":"ImageObject","inLanguage":"tr","@id":"https:\/\/medusa-sdp.com\/product\/medusa-alcohol-free-value-pack\/#primaryimage","url":"https:\/\/medusa-sdp.com\/wp-content\/uploads\/2026\/01\/MEDUSA-Alcohol-Free-Wipes-Pouch-100-Refill.jpg","contentUrl":"https:\/\/medusa-sdp.com\/wp-content\/uploads\/2026\/01\/MEDUSA-Alcohol-Free-Wipes-Pouch-100-Refill.jpg","width":1080,"height":1080,"caption":"Glossy Foil Parcel Delivery Bag Branding Mockup"},{"@type":"BreadcrumbList","@id":"https:\/\/medusa-sdp.com\/product\/medusa-alcohol-free-value-pack\/#breadcrumb","itemListElement":[{"@type":"ListItem","position":1,"name":"Home","item":"https:\/\/medusa-sdp.com\/en\/"},{"@type":"ListItem","position":2,"name":"Shop","item":"https:\/\/medusa-sdp.com\/shop\/"},{"@type":"ListItem","position":3,"name":"MEDUSA Alcohol Free Value Pack"}]},{"@type":"WebSite","@id":"https:\/\/medusa-sdp.com\/en\/#website","url":"https:\/\/medusa-sdp.com\/en\/","name":"Medusa","description":"Ak\u0131ll\u0131 Dezenfektan Korumas\u0131","publisher":{"@id":"https:\/\/medusa-sdp.com\/en\/#organization"},"potentialAction":[{"@type":"SearchAction","target":{"@type":"EntryPoint","urlTemplate":"https:\/\/medusa-sdp.com\/en\/?s={search_term_string}"},"query-input":{"@type":"PropertyValueSpecification","valueRequired":true,"valueName":"search_term_string"}}],"inLanguage":"tr"},{"@type":"Organization","@id":"https:\/\/medusa-sdp.com\/en\/#organization","name":"CS Interpharm Genel Ticaret A.\u015e.","url":"https:\/\/medusa-sdp.com\/en\/","logo":{"@type":"ImageObject","inLanguage":"tr","@id":"https:\/\/medusa-sdp.com\/en\/#\/schema\/logo\/image\/","url":"https:\/\/medusa-sdp.com\/wp-content\/uploads\/2025\/05\/medusa-logo-1.png","contentUrl":"https:\/\/medusa-sdp.com\/wp-content\/uploads\/2025\/05\/medusa-logo-1.png","width":415,"height":255,"caption":"CS Interpharm General Trading Co. L.L.C."},"image":{"@id":"https:\/\/medusa-sdp.com\/en\/#\/schema\/logo\/image\/"}}]}},"_links":{"self":[{"href":"https:\/\/medusa-sdp.com\/tr\/wp-json\/wp\/v2\/product\/11585","targetHints":{"allow":["GET"]}}],"collection":[{"href":"https:\/\/medusa-sdp.com\/tr\/wp-json\/wp\/v2\/product"}],"about":[{"href":"https:\/\/medusa-sdp.com\/tr\/wp-json\/wp\/v2\/types\/product"}],"replies":[{"embeddable":true,"href":"https:\/\/medusa-sdp.com\/tr\/wp-json\/wp\/v2\/comments?post=11585"}],"wp:featuredmedia":[{"embeddable":true,"href":"https:\/\/medusa-sdp.com\/tr\/wp-json\/wp\/v2\/media\/10414"}],"wp:attachment":[{"href":"https:\/\/medusa-sdp.com\/tr\/wp-json\/wp\/v2\/media?parent=11585"}],"wp:term":[{"taxonomy":"product_brand","embeddable":true,"href":"https:\/\/medusa-sdp.com\/tr\/wp-json\/wp\/v2\/product_brand?post=11585"},{"taxonomy":"product_cat","embeddable":true,"href":"https:\/\/medusa-sdp.com\/tr\/wp-json\/wp\/v2\/product_cat?post=11585"},{"taxonomy":"product_tag","embeddable":true,"href":"https:\/\/medusa-sdp.com\/tr\/wp-json\/wp\/v2\/product_tag?post=11585"}],"curies":[{"name":"wp","href":"https:\/\/api.w.org\/{rel}","templated":true}]}}