{"id":7702,"date":"2025-04-16T12:00:43","date_gmt":"2025-04-16T12:00:43","guid":{"rendered":"https:\/\/medusa-sdp.com\/?post_type=product&#038;p=7702"},"modified":"2026-02-03T14:18:02","modified_gmt":"2026-02-03T14:18:02","slug":"medusa-disinfectant-alcohol-free-spray-bottle-500-ml","status":"publish","type":"product","link":"https:\/\/medusa-sdp.com\/tr\/urun\/medusa-disinfectant-alcohol-free-spray-bottle-500-ml\/","title":{"rendered":"MEDUSA Dezenfektan Alkols\u00fcz Sprey \u015ei\u015fe 500 ML"},"content":{"rendered":"<div id=\"uc_blob_shapes_elementor_45683c0_size\" class=\"ue_blob_inside\">\n<div class=\"ue-blob-text-holder\">\n<div class=\"ue-blob-text\">\n<p>Kullan\u0131m\u0131 kolay MEDUSA dezenfektan sprey \u015fi\u015fesi mikroplara kar\u015f\u0131 g\u00fc\u00e7l\u00fc, alkols\u00fcz koruma sa\u011flar. MEDUSA Alkols\u00fcz, nazik ancak tavizsiz hijyen gerektiren ortamlar i\u00e7in nihai \u00e7\u00f6z\u00fcmd\u00fcr. Performanstan \u00f6d\u00fcn vermeden g\u00fcvenlik i\u00e7in form\u00fcle edilen bu \u00fcr\u00fcn, hassas y\u00fczeyler ve hassas alanlar i\u00e7in idealdir.<\/p>\n<\/div>\n<div><strong>\u00d6ZELL\u0130KLER :<\/strong>Sprey \u015ei\u015fesi<\/div>\n<div>\n<div><strong>VOLUME :<\/strong> 500 ML<\/div>\n<\/div>\n<\/div>\n<\/div>","protected":false},"excerpt":{"rendered":"<ul>\n<li>Di-desil di-metil Amonyum Klor\u00fcr<\/li>\n<li>Benzalkonyum Klor\u00fcr<\/li>\n<li>Polyquat DMA\/E 50<\/li>\n<\/ul>","protected":false},"featured_media":11083,"comment_status":"open","ping_status":"closed","template":"","meta":[],"product_brand":[],"product_cat":[64],"product_tag":[72,79,80],"class_list":{"0":"post-7702","1":"product","2":"type-product","3":"status-publish","4":"has-post-thumbnail","6":"product_cat-disinfectants","7":"product_tag-disinfectant","8":"product_tag-spray","9":"product_tag-spray-bottle","11":"first","12":"instock","13":"sale","14":"taxable","15":"shipping-taxable","16":"purchasable","17":"product-type-simple"},"yoast_head":"<!-- This site is optimized with the Yoast SEO plugin v27.5 - https:\/\/yoast.com\/product\/yoast-seo-wordpress\/ -->\n<title>MEDUSA Disinfectant Alcohol-Free Spray Bottle 500 ML - Medusa<\/title>\n<meta name=\"robots\" content=\"index, follow, max-snippet:-1, max-image-preview:large, max-video-preview:-1\" \/>\n<link rel=\"canonical\" href=\"https:\/\/medusa-sdp.com\/tr\/urun\/medusa-disinfectant-alcohol-free-spray-bottle-500-ml\/\" \/>\n<meta property=\"og:locale\" content=\"tr_TR\" \/>\n<meta property=\"og:type\" content=\"article\" \/>\n<meta property=\"og:title\" content=\"MEDUSA Disinfectant Alcohol-Free Spray Bottle 500 ML - Medusa\" \/>\n<meta property=\"og:description\" content=\"Di-decyl di-methyl Ammonium Chloride  Benzalkonium Chloride  Polyquat DMA\/E 50\" \/>\n<meta property=\"og:url\" content=\"https:\/\/medusa-sdp.com\/tr\/urun\/medusa-disinfectant-alcohol-free-spray-bottle-500-ml\/\" \/>\n<meta property=\"og:site_name\" content=\"Medusa\" \/>\n<meta property=\"article:modified_time\" content=\"2026-02-03T14:18:02+00:00\" \/>\n<meta property=\"og:image\" content=\"https:\/\/medusa-sdp.com\/wp-content\/uploads\/2025\/04\/MEDUSA-Alcohol-Free-Disinfectant-500ML-Left.jpg.jpeg\" \/>\n\t<meta property=\"og:image:width\" content=\"1080\" \/>\n\t<meta property=\"og:image:height\" content=\"1080\" \/>\n\t<meta property=\"og:image:type\" content=\"image\/jpeg\" \/>\n<meta name=\"twitter:card\" content=\"summary_large_image\" \/>\n<script type=\"application\/ld+json\" class=\"yoast-schema-graph\">{\"@context\":\"https:\\\/\\\/schema.org\",\"@graph\":[{\"@type\":\"WebPage\",\"@id\":\"https:\\\/\\\/medusa-sdp.com\\\/en\\\/product\\\/medusa-disinfectant-alcohol-free-spray-bottle-500-ml\\\/\",\"url\":\"https:\\\/\\\/medusa-sdp.com\\\/en\\\/product\\\/medusa-disinfectant-alcohol-free-spray-bottle-500-ml\\\/\",\"name\":\"MEDUSA Disinfectant Alcohol-Free Spray Bottle 500 ML - Medusa\",\"isPartOf\":{\"@id\":\"https:\\\/\\\/medusa-sdp.com\\\/en\\\/#website\"},\"primaryImageOfPage\":{\"@id\":\"https:\\\/\\\/medusa-sdp.com\\\/en\\\/product\\\/medusa-disinfectant-alcohol-free-spray-bottle-500-ml\\\/#primaryimage\"},\"image\":{\"@id\":\"https:\\\/\\\/medusa-sdp.com\\\/en\\\/product\\\/medusa-disinfectant-alcohol-free-spray-bottle-500-ml\\\/#primaryimage\"},\"thumbnailUrl\":\"https:\\\/\\\/medusa-sdp.com\\\/wp-content\\\/uploads\\\/2025\\\/04\\\/MEDUSA-Alcohol-Free-Disinfectant-500ML-Left.jpg.jpeg\",\"datePublished\":\"2025-04-16T12:00:43+00:00\",\"dateModified\":\"2026-02-03T14:18:02+00:00\",\"breadcrumb\":{\"@id\":\"https:\\\/\\\/medusa-sdp.com\\\/en\\\/product\\\/medusa-disinfectant-alcohol-free-spray-bottle-500-ml\\\/#breadcrumb\"},\"inLanguage\":\"tr\",\"potentialAction\":[{\"@type\":\"ReadAction\",\"target\":[\"https:\\\/\\\/medusa-sdp.com\\\/en\\\/product\\\/medusa-disinfectant-alcohol-free-spray-bottle-500-ml\\\/\"]}]},{\"@type\":\"ImageObject\",\"inLanguage\":\"tr\",\"@id\":\"https:\\\/\\\/medusa-sdp.com\\\/en\\\/product\\\/medusa-disinfectant-alcohol-free-spray-bottle-500-ml\\\/#primaryimage\",\"url\":\"https:\\\/\\\/medusa-sdp.com\\\/wp-content\\\/uploads\\\/2025\\\/04\\\/MEDUSA-Alcohol-Free-Disinfectant-500ML-Left.jpg.jpeg\",\"contentUrl\":\"https:\\\/\\\/medusa-sdp.com\\\/wp-content\\\/uploads\\\/2025\\\/04\\\/MEDUSA-Alcohol-Free-Disinfectant-500ML-Left.jpg.jpeg\",\"width\":1080,\"height\":1080},{\"@type\":\"BreadcrumbList\",\"@id\":\"https:\\\/\\\/medusa-sdp.com\\\/en\\\/product\\\/medusa-disinfectant-alcohol-free-spray-bottle-500-ml\\\/#breadcrumb\",\"itemListElement\":[{\"@type\":\"ListItem\",\"position\":1,\"name\":\"Home\",\"item\":\"https:\\\/\\\/medusa-sdp.com\\\/en\\\/\"},{\"@type\":\"ListItem\",\"position\":2,\"name\":\"Shop\",\"item\":\"https:\\\/\\\/medusa-sdp.com\\\/shop\\\/\"},{\"@type\":\"ListItem\",\"position\":3,\"name\":\"MEDUSA Disinfectant Alcohol-Free Spray Bottle 500 ML\"}]},{\"@type\":\"WebSite\",\"@id\":\"https:\\\/\\\/medusa-sdp.com\\\/en\\\/#website\",\"url\":\"https:\\\/\\\/medusa-sdp.com\\\/en\\\/\",\"name\":\"Medusa\",\"description\":\"Smart Disinfectant Protection\",\"publisher\":{\"@id\":\"https:\\\/\\\/medusa-sdp.com\\\/en\\\/#organization\"},\"potentialAction\":[{\"@type\":\"SearchAction\",\"target\":{\"@type\":\"EntryPoint\",\"urlTemplate\":\"https:\\\/\\\/medusa-sdp.com\\\/en\\\/?s={search_term_string}\"},\"query-input\":{\"@type\":\"PropertyValueSpecification\",\"valueRequired\":true,\"valueName\":\"search_term_string\"}}],\"inLanguage\":\"tr\"},{\"@type\":\"Organization\",\"@id\":\"https:\\\/\\\/medusa-sdp.com\\\/en\\\/#organization\",\"name\":\"CS Interpharm General Trading Co. L.L.C.\",\"url\":\"https:\\\/\\\/medusa-sdp.com\\\/en\\\/\",\"logo\":{\"@type\":\"ImageObject\",\"inLanguage\":\"tr\",\"@id\":\"https:\\\/\\\/medusa-sdp.com\\\/en\\\/#\\\/schema\\\/logo\\\/image\\\/\",\"url\":\"https:\\\/\\\/medusa-sdp.com\\\/wp-content\\\/uploads\\\/2025\\\/05\\\/medusa-logo-1.png\",\"contentUrl\":\"https:\\\/\\\/medusa-sdp.com\\\/wp-content\\\/uploads\\\/2025\\\/05\\\/medusa-logo-1.png\",\"width\":415,\"height\":255,\"caption\":\"CS Interpharm General Trading Co. L.L.C.\"},\"image\":{\"@id\":\"https:\\\/\\\/medusa-sdp.com\\\/en\\\/#\\\/schema\\\/logo\\\/image\\\/\"}}]}<\/script>\n<!-- \/ Yoast SEO plugin. -->","yoast_head_json":{"title":"MEDUSA Alkols\u00fcz Dezenfektan Sprey \u015ei\u015fe 500 ML - Medusa","robots":{"index":"index","follow":"follow","max-snippet":"max-snippet:-1","max-image-preview":"max-image-preview:large","max-video-preview":"max-video-preview:-1"},"canonical":"https:\/\/medusa-sdp.com\/tr\/urun\/medusa-disinfectant-alcohol-free-spray-bottle-500-ml\/","og_locale":"tr_TR","og_type":"article","og_title":"MEDUSA Disinfectant Alcohol-Free Spray Bottle 500 ML - Medusa","og_description":"Di-decyl di-methyl Ammonium Chloride  Benzalkonium Chloride  Polyquat DMA\/E 50","og_url":"https:\/\/medusa-sdp.com\/tr\/urun\/medusa-disinfectant-alcohol-free-spray-bottle-500-ml\/","og_site_name":"Medusa","article_modified_time":"2026-02-03T14:18:02+00:00","og_image":[{"width":1080,"height":1080,"url":"https:\/\/medusa-sdp.com\/wp-content\/uploads\/2025\/04\/MEDUSA-Alcohol-Free-Disinfectant-500ML-Left.jpg.jpeg","type":"image\/jpeg"}],"twitter_card":"summary_large_image","schema":{"@context":"https:\/\/schema.org","@graph":[{"@type":"WebPage","@id":"https:\/\/medusa-sdp.com\/en\/product\/medusa-disinfectant-alcohol-free-spray-bottle-500-ml\/","url":"https:\/\/medusa-sdp.com\/en\/product\/medusa-disinfectant-alcohol-free-spray-bottle-500-ml\/","name":"MEDUSA Alkols\u00fcz Dezenfektan Sprey \u015ei\u015fe 500 ML - Medusa","isPartOf":{"@id":"https:\/\/medusa-sdp.com\/en\/#website"},"primaryImageOfPage":{"@id":"https:\/\/medusa-sdp.com\/en\/product\/medusa-disinfectant-alcohol-free-spray-bottle-500-ml\/#primaryimage"},"image":{"@id":"https:\/\/medusa-sdp.com\/en\/product\/medusa-disinfectant-alcohol-free-spray-bottle-500-ml\/#primaryimage"},"thumbnailUrl":"https:\/\/medusa-sdp.com\/wp-content\/uploads\/2025\/04\/MEDUSA-Alcohol-Free-Disinfectant-500ML-Left.jpg.jpeg","datePublished":"2025-04-16T12:00:43+00:00","dateModified":"2026-02-03T14:18:02+00:00","breadcrumb":{"@id":"https:\/\/medusa-sdp.com\/en\/product\/medusa-disinfectant-alcohol-free-spray-bottle-500-ml\/#breadcrumb"},"inLanguage":"tr","potentialAction":[{"@type":"ReadAction","target":["https:\/\/medusa-sdp.com\/en\/product\/medusa-disinfectant-alcohol-free-spray-bottle-500-ml\/"]}]},{"@type":"ImageObject","inLanguage":"tr","@id":"https:\/\/medusa-sdp.com\/en\/product\/medusa-disinfectant-alcohol-free-spray-bottle-500-ml\/#primaryimage","url":"https:\/\/medusa-sdp.com\/wp-content\/uploads\/2025\/04\/MEDUSA-Alcohol-Free-Disinfectant-500ML-Left.jpg.jpeg","contentUrl":"https:\/\/medusa-sdp.com\/wp-content\/uploads\/2025\/04\/MEDUSA-Alcohol-Free-Disinfectant-500ML-Left.jpg.jpeg","width":1080,"height":1080},{"@type":"BreadcrumbList","@id":"https:\/\/medusa-sdp.com\/en\/product\/medusa-disinfectant-alcohol-free-spray-bottle-500-ml\/#breadcrumb","itemListElement":[{"@type":"ListItem","position":1,"name":"Home","item":"https:\/\/medusa-sdp.com\/en\/"},{"@type":"ListItem","position":2,"name":"Shop","item":"https:\/\/medusa-sdp.com\/shop\/"},{"@type":"ListItem","position":3,"name":"MEDUSA Disinfectant Alcohol-Free Spray Bottle 500 ML"}]},{"@type":"WebSite","@id":"https:\/\/medusa-sdp.com\/en\/#website","url":"https:\/\/medusa-sdp.com\/en\/","name":"Medusa","description":"Ak\u0131ll\u0131 Dezenfektan Korumas\u0131","publisher":{"@id":"https:\/\/medusa-sdp.com\/en\/#organization"},"potentialAction":[{"@type":"SearchAction","target":{"@type":"EntryPoint","urlTemplate":"https:\/\/medusa-sdp.com\/en\/?s={search_term_string}"},"query-input":{"@type":"PropertyValueSpecification","valueRequired":true,"valueName":"search_term_string"}}],"inLanguage":"tr"},{"@type":"Organization","@id":"https:\/\/medusa-sdp.com\/en\/#organization","name":"CS Interpharm Genel Ticaret A.\u015e.","url":"https:\/\/medusa-sdp.com\/en\/","logo":{"@type":"ImageObject","inLanguage":"tr","@id":"https:\/\/medusa-sdp.com\/en\/#\/schema\/logo\/image\/","url":"https:\/\/medusa-sdp.com\/wp-content\/uploads\/2025\/05\/medusa-logo-1.png","contentUrl":"https:\/\/medusa-sdp.com\/wp-content\/uploads\/2025\/05\/medusa-logo-1.png","width":415,"height":255,"caption":"CS Interpharm General Trading Co. L.L.C."},"image":{"@id":"https:\/\/medusa-sdp.com\/en\/#\/schema\/logo\/image\/"}}]}},"_links":{"self":[{"href":"https:\/\/medusa-sdp.com\/tr\/wp-json\/wp\/v2\/product\/7702","targetHints":{"allow":["GET"]}}],"collection":[{"href":"https:\/\/medusa-sdp.com\/tr\/wp-json\/wp\/v2\/product"}],"about":[{"href":"https:\/\/medusa-sdp.com\/tr\/wp-json\/wp\/v2\/types\/product"}],"replies":[{"embeddable":true,"href":"https:\/\/medusa-sdp.com\/tr\/wp-json\/wp\/v2\/comments?post=7702"}],"wp:featuredmedia":[{"embeddable":true,"href":"https:\/\/medusa-sdp.com\/tr\/wp-json\/wp\/v2\/media\/11083"}],"wp:attachment":[{"href":"https:\/\/medusa-sdp.com\/tr\/wp-json\/wp\/v2\/media?parent=7702"}],"wp:term":[{"taxonomy":"product_brand","embeddable":true,"href":"https:\/\/medusa-sdp.com\/tr\/wp-json\/wp\/v2\/product_brand?post=7702"},{"taxonomy":"product_cat","embeddable":true,"href":"https:\/\/medusa-sdp.com\/tr\/wp-json\/wp\/v2\/product_cat?post=7702"},{"taxonomy":"product_tag","embeddable":true,"href":"https:\/\/medusa-sdp.com\/tr\/wp-json\/wp\/v2\/product_tag?post=7702"}],"curies":[{"name":"wp","href":"https:\/\/api.w.org\/{rel}","templated":true}]}}