{"id":7802,"date":"2025-04-17T11:41:50","date_gmt":"2025-04-17T11:41:50","guid":{"rendered":"https:\/\/medusa-sdp.com\/?post_type=product&#038;p=7802"},"modified":"2026-02-03T14:18:50","modified_gmt":"2026-02-03T14:18:50","slug":"medusa-wet-wipes-alcohol-free-bucket","status":"publish","type":"product","link":"https:\/\/medusa-sdp.com\/tr\/urun\/medusa-wet-wipes-alcohol-free-bucket\/","title":{"rendered":"MEDUSA Islak Mendil Alkols\u00fcz Kova"},"content":{"rendered":"<p>H\u0131zl\u0131 ve etkili y\u00fczey temizli\u011fi i\u00e7in mikroplar\u0131 yok eden alkols\u00fcz bir form\u00fclle \u00f6nceden \u0131slat\u0131lm\u0131\u015f 250 MEDUSA dezenfektan mendilden olu\u015fan kullan\u0131\u015fl\u0131 kova. MEDUSA Alkols\u00fcz Mendil, nazik ancak tavizsiz hijyen gerektiren ortamlar i\u00e7in nihai \u00e7\u00f6z\u00fcmd\u00fcr. Performanstan \u00f6d\u00fcn vermeden g\u00fcvenlik i\u00e7in form\u00fcle edilen bu \u00fcr\u00fcn, hassas y\u00fczeyler ve hassas alanlar i\u00e7in idealdir.<\/p>\n<p><strong>M\u0130KTAR :<\/strong> 250 Mendil<\/p>\n<p><strong>\u00d6ZELL\u0130KLER :<\/strong> Kova<\/p>","protected":false},"excerpt":{"rendered":"<ol>\n<li>Di-desil di-metil Amonyum Klor\u00fcr<\/li>\n<li>Benzalkonyum Klor\u00fcr<\/li>\n<li>Polyquat DMA\/E 50<\/li>\n<li>Pamuklu Mendil<\/li>\n<\/ol>","protected":false},"featured_media":10407,"comment_status":"open","ping_status":"closed","template":"","meta":[],"product_brand":[],"product_cat":[96],"product_tag":[78,72],"class_list":{"0":"post-7802","1":"product","2":"type-product","3":"status-publish","4":"has-post-thumbnail","6":"product_cat-wet-wipes","7":"product_tag-bucket","8":"product_tag-disinfectant","10":"first","11":"instock","12":"sale","13":"taxable","14":"shipping-taxable","15":"purchasable","16":"product-type-simple"},"yoast_head":"<!-- This site is optimized with the Yoast SEO plugin v27.5 - https:\/\/yoast.com\/product\/yoast-seo-wordpress\/ -->\n<title>MEDUSA Wet Wipes Alcohol-Free Bucket - Medusa<\/title>\n<meta name=\"robots\" content=\"index, follow, max-snippet:-1, max-image-preview:large, max-video-preview:-1\" \/>\n<link rel=\"canonical\" href=\"https:\/\/medusa-sdp.com\/tr\/urun\/medusa-wet-wipes-alcohol-free-bucket\/\" \/>\n<meta property=\"og:locale\" content=\"tr_TR\" \/>\n<meta property=\"og:type\" content=\"article\" \/>\n<meta property=\"og:title\" content=\"MEDUSA Wet Wipes Alcohol-Free Bucket - Medusa\" \/>\n<meta property=\"og:description\" content=\"Di-decyl di-methyl Ammonium Chloride  Benzalkonium Chloride  Polyquat DMA\/E 50  Cotton Wipes\" \/>\n<meta property=\"og:url\" content=\"https:\/\/medusa-sdp.com\/tr\/urun\/medusa-wet-wipes-alcohol-free-bucket\/\" \/>\n<meta property=\"og:site_name\" content=\"Medusa\" \/>\n<meta property=\"article:modified_time\" content=\"2026-02-03T14:18:50+00:00\" \/>\n<meta property=\"og:image\" content=\"https:\/\/medusa-sdp.com\/wp-content\/uploads\/2026\/01\/MEDUSA-Alcohol-Free-Wipes-Bucket-250-Front.jpg\" \/>\n\t<meta property=\"og:image:width\" content=\"1080\" \/>\n\t<meta property=\"og:image:height\" content=\"1080\" \/>\n\t<meta property=\"og:image:type\" content=\"image\/jpeg\" \/>\n<meta name=\"twitter:card\" content=\"summary_large_image\" \/>\n<script type=\"application\/ld+json\" class=\"yoast-schema-graph\">{\"@context\":\"https:\\\/\\\/schema.org\",\"@graph\":[{\"@type\":\"WebPage\",\"@id\":\"https:\\\/\\\/medusa-sdp.com\\\/en\\\/product\\\/medusa-wet-wipes-alcohol-free-bucket\\\/\",\"url\":\"https:\\\/\\\/medusa-sdp.com\\\/en\\\/product\\\/medusa-wet-wipes-alcohol-free-bucket\\\/\",\"name\":\"MEDUSA Wet Wipes Alcohol-Free Bucket - Medusa\",\"isPartOf\":{\"@id\":\"https:\\\/\\\/medusa-sdp.com\\\/en\\\/#website\"},\"primaryImageOfPage\":{\"@id\":\"https:\\\/\\\/medusa-sdp.com\\\/en\\\/product\\\/medusa-wet-wipes-alcohol-free-bucket\\\/#primaryimage\"},\"image\":{\"@id\":\"https:\\\/\\\/medusa-sdp.com\\\/en\\\/product\\\/medusa-wet-wipes-alcohol-free-bucket\\\/#primaryimage\"},\"thumbnailUrl\":\"https:\\\/\\\/medusa-sdp.com\\\/wp-content\\\/uploads\\\/2026\\\/01\\\/MEDUSA-Alcohol-Free-Wipes-Bucket-250-Front.jpg\",\"datePublished\":\"2025-04-17T11:41:50+00:00\",\"dateModified\":\"2026-02-03T14:18:50+00:00\",\"breadcrumb\":{\"@id\":\"https:\\\/\\\/medusa-sdp.com\\\/en\\\/product\\\/medusa-wet-wipes-alcohol-free-bucket\\\/#breadcrumb\"},\"inLanguage\":\"tr\",\"potentialAction\":[{\"@type\":\"ReadAction\",\"target\":[\"https:\\\/\\\/medusa-sdp.com\\\/en\\\/product\\\/medusa-wet-wipes-alcohol-free-bucket\\\/\"]}]},{\"@type\":\"ImageObject\",\"inLanguage\":\"tr\",\"@id\":\"https:\\\/\\\/medusa-sdp.com\\\/en\\\/product\\\/medusa-wet-wipes-alcohol-free-bucket\\\/#primaryimage\",\"url\":\"https:\\\/\\\/medusa-sdp.com\\\/wp-content\\\/uploads\\\/2026\\\/01\\\/MEDUSA-Alcohol-Free-Wipes-Bucket-250-Front.jpg\",\"contentUrl\":\"https:\\\/\\\/medusa-sdp.com\\\/wp-content\\\/uploads\\\/2026\\\/01\\\/MEDUSA-Alcohol-Free-Wipes-Bucket-250-Front.jpg\",\"width\":1080,\"height\":1080,\"caption\":\"Plastic Bucket Packaging Mockup\"},{\"@type\":\"BreadcrumbList\",\"@id\":\"https:\\\/\\\/medusa-sdp.com\\\/en\\\/product\\\/medusa-wet-wipes-alcohol-free-bucket\\\/#breadcrumb\",\"itemListElement\":[{\"@type\":\"ListItem\",\"position\":1,\"name\":\"Home\",\"item\":\"https:\\\/\\\/medusa-sdp.com\\\/en\\\/\"},{\"@type\":\"ListItem\",\"position\":2,\"name\":\"Shop\",\"item\":\"https:\\\/\\\/medusa-sdp.com\\\/shop\\\/\"},{\"@type\":\"ListItem\",\"position\":3,\"name\":\"MEDUSA Wet Wipes Alcohol-Free Bucket\"}]},{\"@type\":\"WebSite\",\"@id\":\"https:\\\/\\\/medusa-sdp.com\\\/en\\\/#website\",\"url\":\"https:\\\/\\\/medusa-sdp.com\\\/en\\\/\",\"name\":\"Medusa\",\"description\":\"Smart Disinfectant Protection\",\"publisher\":{\"@id\":\"https:\\\/\\\/medusa-sdp.com\\\/en\\\/#organization\"},\"potentialAction\":[{\"@type\":\"SearchAction\",\"target\":{\"@type\":\"EntryPoint\",\"urlTemplate\":\"https:\\\/\\\/medusa-sdp.com\\\/en\\\/?s={search_term_string}\"},\"query-input\":{\"@type\":\"PropertyValueSpecification\",\"valueRequired\":true,\"valueName\":\"search_term_string\"}}],\"inLanguage\":\"tr\"},{\"@type\":\"Organization\",\"@id\":\"https:\\\/\\\/medusa-sdp.com\\\/en\\\/#organization\",\"name\":\"CS Interpharm General Trading Co. L.L.C.\",\"url\":\"https:\\\/\\\/medusa-sdp.com\\\/en\\\/\",\"logo\":{\"@type\":\"ImageObject\",\"inLanguage\":\"tr\",\"@id\":\"https:\\\/\\\/medusa-sdp.com\\\/en\\\/#\\\/schema\\\/logo\\\/image\\\/\",\"url\":\"https:\\\/\\\/medusa-sdp.com\\\/wp-content\\\/uploads\\\/2025\\\/05\\\/medusa-logo-1.png\",\"contentUrl\":\"https:\\\/\\\/medusa-sdp.com\\\/wp-content\\\/uploads\\\/2025\\\/05\\\/medusa-logo-1.png\",\"width\":415,\"height\":255,\"caption\":\"CS Interpharm General Trading Co. L.L.C.\"},\"image\":{\"@id\":\"https:\\\/\\\/medusa-sdp.com\\\/en\\\/#\\\/schema\\\/logo\\\/image\\\/\"}}]}<\/script>\n<!-- \/ Yoast SEO plugin. -->","yoast_head_json":{"title":"MEDUSA Alkols\u00fcz Mendil Kovas\u0131 - Medusa","robots":{"index":"index","follow":"follow","max-snippet":"max-snippet:-1","max-image-preview":"max-image-preview:large","max-video-preview":"max-video-preview:-1"},"canonical":"https:\/\/medusa-sdp.com\/tr\/urun\/medusa-wet-wipes-alcohol-free-bucket\/","og_locale":"tr_TR","og_type":"article","og_title":"MEDUSA Wet Wipes Alcohol-Free Bucket - Medusa","og_description":"Di-decyl di-methyl Ammonium Chloride  Benzalkonium Chloride  Polyquat DMA\/E 50  Cotton Wipes","og_url":"https:\/\/medusa-sdp.com\/tr\/urun\/medusa-wet-wipes-alcohol-free-bucket\/","og_site_name":"Medusa","article_modified_time":"2026-02-03T14:18:50+00:00","og_image":[{"width":1080,"height":1080,"url":"https:\/\/medusa-sdp.com\/wp-content\/uploads\/2026\/01\/MEDUSA-Alcohol-Free-Wipes-Bucket-250-Front.jpg","type":"image\/jpeg"}],"twitter_card":"summary_large_image","schema":{"@context":"https:\/\/schema.org","@graph":[{"@type":"WebPage","@id":"https:\/\/medusa-sdp.com\/en\/product\/medusa-wet-wipes-alcohol-free-bucket\/","url":"https:\/\/medusa-sdp.com\/en\/product\/medusa-wet-wipes-alcohol-free-bucket\/","name":"MEDUSA Alkols\u00fcz Mendil Kovas\u0131 - Medusa","isPartOf":{"@id":"https:\/\/medusa-sdp.com\/en\/#website"},"primaryImageOfPage":{"@id":"https:\/\/medusa-sdp.com\/en\/product\/medusa-wet-wipes-alcohol-free-bucket\/#primaryimage"},"image":{"@id":"https:\/\/medusa-sdp.com\/en\/product\/medusa-wet-wipes-alcohol-free-bucket\/#primaryimage"},"thumbnailUrl":"https:\/\/medusa-sdp.com\/wp-content\/uploads\/2026\/01\/MEDUSA-Alcohol-Free-Wipes-Bucket-250-Front.jpg","datePublished":"2025-04-17T11:41:50+00:00","dateModified":"2026-02-03T14:18:50+00:00","breadcrumb":{"@id":"https:\/\/medusa-sdp.com\/en\/product\/medusa-wet-wipes-alcohol-free-bucket\/#breadcrumb"},"inLanguage":"tr","potentialAction":[{"@type":"ReadAction","target":["https:\/\/medusa-sdp.com\/en\/product\/medusa-wet-wipes-alcohol-free-bucket\/"]}]},{"@type":"ImageObject","inLanguage":"tr","@id":"https:\/\/medusa-sdp.com\/en\/product\/medusa-wet-wipes-alcohol-free-bucket\/#primaryimage","url":"https:\/\/medusa-sdp.com\/wp-content\/uploads\/2026\/01\/MEDUSA-Alcohol-Free-Wipes-Bucket-250-Front.jpg","contentUrl":"https:\/\/medusa-sdp.com\/wp-content\/uploads\/2026\/01\/MEDUSA-Alcohol-Free-Wipes-Bucket-250-Front.jpg","width":1080,"height":1080,"caption":"Plastic Bucket Packaging Mockup"},{"@type":"BreadcrumbList","@id":"https:\/\/medusa-sdp.com\/en\/product\/medusa-wet-wipes-alcohol-free-bucket\/#breadcrumb","itemListElement":[{"@type":"ListItem","position":1,"name":"Home","item":"https:\/\/medusa-sdp.com\/en\/"},{"@type":"ListItem","position":2,"name":"Shop","item":"https:\/\/medusa-sdp.com\/shop\/"},{"@type":"ListItem","position":3,"name":"MEDUSA Wet Wipes Alcohol-Free Bucket"}]},{"@type":"WebSite","@id":"https:\/\/medusa-sdp.com\/en\/#website","url":"https:\/\/medusa-sdp.com\/en\/","name":"Medusa","description":"Ak\u0131ll\u0131 Dezenfektan Korumas\u0131","publisher":{"@id":"https:\/\/medusa-sdp.com\/en\/#organization"},"potentialAction":[{"@type":"SearchAction","target":{"@type":"EntryPoint","urlTemplate":"https:\/\/medusa-sdp.com\/en\/?s={search_term_string}"},"query-input":{"@type":"PropertyValueSpecification","valueRequired":true,"valueName":"search_term_string"}}],"inLanguage":"tr"},{"@type":"Organization","@id":"https:\/\/medusa-sdp.com\/en\/#organization","name":"CS Interpharm Genel Ticaret A.\u015e.","url":"https:\/\/medusa-sdp.com\/en\/","logo":{"@type":"ImageObject","inLanguage":"tr","@id":"https:\/\/medusa-sdp.com\/en\/#\/schema\/logo\/image\/","url":"https:\/\/medusa-sdp.com\/wp-content\/uploads\/2025\/05\/medusa-logo-1.png","contentUrl":"https:\/\/medusa-sdp.com\/wp-content\/uploads\/2025\/05\/medusa-logo-1.png","width":415,"height":255,"caption":"CS Interpharm General Trading Co. L.L.C."},"image":{"@id":"https:\/\/medusa-sdp.com\/en\/#\/schema\/logo\/image\/"}}]}},"_links":{"self":[{"href":"https:\/\/medusa-sdp.com\/tr\/wp-json\/wp\/v2\/product\/7802","targetHints":{"allow":["GET"]}}],"collection":[{"href":"https:\/\/medusa-sdp.com\/tr\/wp-json\/wp\/v2\/product"}],"about":[{"href":"https:\/\/medusa-sdp.com\/tr\/wp-json\/wp\/v2\/types\/product"}],"replies":[{"embeddable":true,"href":"https:\/\/medusa-sdp.com\/tr\/wp-json\/wp\/v2\/comments?post=7802"}],"wp:featuredmedia":[{"embeddable":true,"href":"https:\/\/medusa-sdp.com\/tr\/wp-json\/wp\/v2\/media\/10407"}],"wp:attachment":[{"href":"https:\/\/medusa-sdp.com\/tr\/wp-json\/wp\/v2\/media?parent=7802"}],"wp:term":[{"taxonomy":"product_brand","embeddable":true,"href":"https:\/\/medusa-sdp.com\/tr\/wp-json\/wp\/v2\/product_brand?post=7802"},{"taxonomy":"product_cat","embeddable":true,"href":"https:\/\/medusa-sdp.com\/tr\/wp-json\/wp\/v2\/product_cat?post=7802"},{"taxonomy":"product_tag","embeddable":true,"href":"https:\/\/medusa-sdp.com\/tr\/wp-json\/wp\/v2\/product_tag?post=7802"}],"curies":[{"name":"wp","href":"https:\/\/api.w.org\/{rel}","templated":true}]}}