{"id":9186,"date":"2026-01-11T17:58:08","date_gmt":"2026-01-11T17:58:08","guid":{"rendered":"https:\/\/medusa-sdp.com\/?post_type=product&#038;p=9186"},"modified":"2026-02-03T14:18:18","modified_gmt":"2026-02-03T14:18:18","slug":"medusa-wet-wipes-alcohol-free-pack","status":"publish","type":"product","link":"https:\/\/medusa-sdp.com\/tr\/urun\/medusa-wet-wipes-alcohol-free-pack\/","title":{"rendered":"MEDUSA Islak Mendil Alkols\u00fcz Cep Boy Paket"},"content":{"rendered":"<p>Hareket halindeyken zahmetsiz koruma i\u00e7in alkols\u00fcz ve kullan\u0131ma haz\u0131r birinci s\u0131n\u0131f cep boy MEDUSA mendilleri. MEDUSA Alkols\u00fcz Mendil, nazik ancak tavizsiz hijyen gerektiren ortamlar i\u00e7in nihai \u00e7\u00f6z\u00fcmd\u00fcr. Performanstan \u00f6d\u00fcn vermeden g\u00fcvenlik i\u00e7in form\u00fcle edilen bu \u00fcr\u00fcn, hassas y\u00fczeyler ve hassas alanlar i\u00e7in idealdir.<\/p>\n<p><strong>M\u0130KTAR :<\/strong> 10 Mendil<\/p>\n<p><strong>\u00d6ZELL\u0130KLER :<\/strong> Cep Boy Paket<\/p>","protected":false},"excerpt":{"rendered":"<ol>\n<li>Di-desil di-metil Amonyum Klor\u00fcr<\/li>\n<li>Benzalkonyum Klor\u00fcr<\/li>\n<li>Polyquat DMA\/E 50<\/li>\n<li>Pamuklu Mendil<\/li>\n<\/ol>","protected":false},"featured_media":10413,"comment_status":"open","ping_status":"closed","template":"","meta":[],"product_brand":[],"product_cat":[96],"product_tag":[72,73,74],"class_list":{"0":"post-9186","1":"product","2":"type-product","3":"status-publish","4":"has-post-thumbnail","6":"product_cat-wet-wipes","7":"product_tag-disinfectant","8":"product_tag-pack","9":"product_tag-wipes","11":"first","12":"instock","13":"sale","14":"taxable","15":"shipping-taxable","16":"purchasable","17":"product-type-simple"},"yoast_head":"<!-- This site is optimized with the Yoast SEO plugin v27.5 - https:\/\/yoast.com\/product\/yoast-seo-wordpress\/ -->\n<title>MEDUSA Wet Wipes Alcohol Free Pocket Size Pack - Medusa<\/title>\n<meta name=\"robots\" content=\"index, follow, max-snippet:-1, max-image-preview:large, max-video-preview:-1\" \/>\n<link rel=\"canonical\" href=\"https:\/\/medusa-sdp.com\/tr\/urun\/medusa-wet-wipes-alcohol-free-pack\/\" \/>\n<meta property=\"og:locale\" content=\"tr_TR\" \/>\n<meta property=\"og:type\" content=\"article\" \/>\n<meta property=\"og:title\" content=\"MEDUSA Wet Wipes Alcohol Free Pocket Size Pack - Medusa\" \/>\n<meta property=\"og:description\" content=\"Di-decyl di-methyl Ammonium Chloride  Benzalkonium Chloride  Polyquat DMA\/E 50  Cotton Wipes\" \/>\n<meta property=\"og:url\" content=\"https:\/\/medusa-sdp.com\/tr\/urun\/medusa-wet-wipes-alcohol-free-pack\/\" \/>\n<meta property=\"og:site_name\" content=\"Medusa\" \/>\n<meta property=\"article:modified_time\" content=\"2026-02-03T14:18:18+00:00\" \/>\n<meta property=\"og:image\" content=\"https:\/\/medusa-sdp.com\/wp-content\/uploads\/2026\/01\/MEDUSA-Alcohol-Free-Wipes-Pocket-10-Front.jpg\" \/>\n\t<meta property=\"og:image:width\" content=\"1080\" \/>\n\t<meta property=\"og:image:height\" content=\"1080\" \/>\n\t<meta property=\"og:image:type\" content=\"image\/jpeg\" \/>\n<meta name=\"twitter:card\" content=\"summary_large_image\" \/>\n<script type=\"application\/ld+json\" class=\"yoast-schema-graph\">{\"@context\":\"https:\\\/\\\/schema.org\",\"@graph\":[{\"@type\":\"WebPage\",\"@id\":\"https:\\\/\\\/medusa-sdp.com\\\/product\\\/medusa-wet-wipes-alcohol-free-pack\\\/\",\"url\":\"https:\\\/\\\/medusa-sdp.com\\\/product\\\/medusa-wet-wipes-alcohol-free-pack\\\/\",\"name\":\"MEDUSA Wet Wipes Alcohol Free Pocket Size Pack - Medusa\",\"isPartOf\":{\"@id\":\"https:\\\/\\\/medusa-sdp.com\\\/en\\\/#website\"},\"primaryImageOfPage\":{\"@id\":\"https:\\\/\\\/medusa-sdp.com\\\/product\\\/medusa-wet-wipes-alcohol-free-pack\\\/#primaryimage\"},\"image\":{\"@id\":\"https:\\\/\\\/medusa-sdp.com\\\/product\\\/medusa-wet-wipes-alcohol-free-pack\\\/#primaryimage\"},\"thumbnailUrl\":\"https:\\\/\\\/medusa-sdp.com\\\/wp-content\\\/uploads\\\/2026\\\/01\\\/MEDUSA-Alcohol-Free-Wipes-Pocket-10-Front.jpg\",\"datePublished\":\"2026-01-11T17:58:08+00:00\",\"dateModified\":\"2026-02-03T14:18:18+00:00\",\"breadcrumb\":{\"@id\":\"https:\\\/\\\/medusa-sdp.com\\\/product\\\/medusa-wet-wipes-alcohol-free-pack\\\/#breadcrumb\"},\"inLanguage\":\"tr\",\"potentialAction\":[{\"@type\":\"ReadAction\",\"target\":[\"https:\\\/\\\/medusa-sdp.com\\\/product\\\/medusa-wet-wipes-alcohol-free-pack\\\/\"]}]},{\"@type\":\"ImageObject\",\"inLanguage\":\"tr\",\"@id\":\"https:\\\/\\\/medusa-sdp.com\\\/product\\\/medusa-wet-wipes-alcohol-free-pack\\\/#primaryimage\",\"url\":\"https:\\\/\\\/medusa-sdp.com\\\/wp-content\\\/uploads\\\/2026\\\/01\\\/MEDUSA-Alcohol-Free-Wipes-Pocket-10-Front.jpg\",\"contentUrl\":\"https:\\\/\\\/medusa-sdp.com\\\/wp-content\\\/uploads\\\/2026\\\/01\\\/MEDUSA-Alcohol-Free-Wipes-Pocket-10-Front.jpg\",\"width\":1080,\"height\":1080},{\"@type\":\"BreadcrumbList\",\"@id\":\"https:\\\/\\\/medusa-sdp.com\\\/product\\\/medusa-wet-wipes-alcohol-free-pack\\\/#breadcrumb\",\"itemListElement\":[{\"@type\":\"ListItem\",\"position\":1,\"name\":\"Home\",\"item\":\"https:\\\/\\\/medusa-sdp.com\\\/en\\\/\"},{\"@type\":\"ListItem\",\"position\":2,\"name\":\"Shop\",\"item\":\"https:\\\/\\\/medusa-sdp.com\\\/shop\\\/\"},{\"@type\":\"ListItem\",\"position\":3,\"name\":\"MEDUSA Wet Wipes Alcohol Free Pocket Size Pack\"}]},{\"@type\":\"WebSite\",\"@id\":\"https:\\\/\\\/medusa-sdp.com\\\/en\\\/#website\",\"url\":\"https:\\\/\\\/medusa-sdp.com\\\/en\\\/\",\"name\":\"Medusa\",\"description\":\"Smart Disinfectant Protection\",\"publisher\":{\"@id\":\"https:\\\/\\\/medusa-sdp.com\\\/en\\\/#organization\"},\"potentialAction\":[{\"@type\":\"SearchAction\",\"target\":{\"@type\":\"EntryPoint\",\"urlTemplate\":\"https:\\\/\\\/medusa-sdp.com\\\/en\\\/?s={search_term_string}\"},\"query-input\":{\"@type\":\"PropertyValueSpecification\",\"valueRequired\":true,\"valueName\":\"search_term_string\"}}],\"inLanguage\":\"tr\"},{\"@type\":\"Organization\",\"@id\":\"https:\\\/\\\/medusa-sdp.com\\\/en\\\/#organization\",\"name\":\"CS Interpharm General Trading Co. L.L.C.\",\"url\":\"https:\\\/\\\/medusa-sdp.com\\\/en\\\/\",\"logo\":{\"@type\":\"ImageObject\",\"inLanguage\":\"tr\",\"@id\":\"https:\\\/\\\/medusa-sdp.com\\\/en\\\/#\\\/schema\\\/logo\\\/image\\\/\",\"url\":\"https:\\\/\\\/medusa-sdp.com\\\/wp-content\\\/uploads\\\/2025\\\/05\\\/medusa-logo-1.png\",\"contentUrl\":\"https:\\\/\\\/medusa-sdp.com\\\/wp-content\\\/uploads\\\/2025\\\/05\\\/medusa-logo-1.png\",\"width\":415,\"height\":255,\"caption\":\"CS Interpharm General Trading Co. L.L.C.\"},\"image\":{\"@id\":\"https:\\\/\\\/medusa-sdp.com\\\/en\\\/#\\\/schema\\\/logo\\\/image\\\/\"}}]}<\/script>\n<!-- \/ Yoast SEO plugin. -->","yoast_head_json":{"title":"MEDUSA Alkols\u00fcz Cep Boy Islak Mendil Paketi - Medusa","robots":{"index":"index","follow":"follow","max-snippet":"max-snippet:-1","max-image-preview":"max-image-preview:large","max-video-preview":"max-video-preview:-1"},"canonical":"https:\/\/medusa-sdp.com\/tr\/urun\/medusa-wet-wipes-alcohol-free-pack\/","og_locale":"tr_TR","og_type":"article","og_title":"MEDUSA Wet Wipes Alcohol Free Pocket Size Pack - Medusa","og_description":"Di-decyl di-methyl Ammonium Chloride  Benzalkonium Chloride  Polyquat DMA\/E 50  Cotton Wipes","og_url":"https:\/\/medusa-sdp.com\/tr\/urun\/medusa-wet-wipes-alcohol-free-pack\/","og_site_name":"Medusa","article_modified_time":"2026-02-03T14:18:18+00:00","og_image":[{"width":1080,"height":1080,"url":"https:\/\/medusa-sdp.com\/wp-content\/uploads\/2026\/01\/MEDUSA-Alcohol-Free-Wipes-Pocket-10-Front.jpg","type":"image\/jpeg"}],"twitter_card":"summary_large_image","schema":{"@context":"https:\/\/schema.org","@graph":[{"@type":"WebPage","@id":"https:\/\/medusa-sdp.com\/product\/medusa-wet-wipes-alcohol-free-pack\/","url":"https:\/\/medusa-sdp.com\/product\/medusa-wet-wipes-alcohol-free-pack\/","name":"MEDUSA Alkols\u00fcz Cep Boy Islak Mendil Paketi - Medusa","isPartOf":{"@id":"https:\/\/medusa-sdp.com\/en\/#website"},"primaryImageOfPage":{"@id":"https:\/\/medusa-sdp.com\/product\/medusa-wet-wipes-alcohol-free-pack\/#primaryimage"},"image":{"@id":"https:\/\/medusa-sdp.com\/product\/medusa-wet-wipes-alcohol-free-pack\/#primaryimage"},"thumbnailUrl":"https:\/\/medusa-sdp.com\/wp-content\/uploads\/2026\/01\/MEDUSA-Alcohol-Free-Wipes-Pocket-10-Front.jpg","datePublished":"2026-01-11T17:58:08+00:00","dateModified":"2026-02-03T14:18:18+00:00","breadcrumb":{"@id":"https:\/\/medusa-sdp.com\/product\/medusa-wet-wipes-alcohol-free-pack\/#breadcrumb"},"inLanguage":"tr","potentialAction":[{"@type":"ReadAction","target":["https:\/\/medusa-sdp.com\/product\/medusa-wet-wipes-alcohol-free-pack\/"]}]},{"@type":"ImageObject","inLanguage":"tr","@id":"https:\/\/medusa-sdp.com\/product\/medusa-wet-wipes-alcohol-free-pack\/#primaryimage","url":"https:\/\/medusa-sdp.com\/wp-content\/uploads\/2026\/01\/MEDUSA-Alcohol-Free-Wipes-Pocket-10-Front.jpg","contentUrl":"https:\/\/medusa-sdp.com\/wp-content\/uploads\/2026\/01\/MEDUSA-Alcohol-Free-Wipes-Pocket-10-Front.jpg","width":1080,"height":1080},{"@type":"BreadcrumbList","@id":"https:\/\/medusa-sdp.com\/product\/medusa-wet-wipes-alcohol-free-pack\/#breadcrumb","itemListElement":[{"@type":"ListItem","position":1,"name":"Home","item":"https:\/\/medusa-sdp.com\/en\/"},{"@type":"ListItem","position":2,"name":"Shop","item":"https:\/\/medusa-sdp.com\/shop\/"},{"@type":"ListItem","position":3,"name":"MEDUSA Wet Wipes Alcohol Free Pocket Size Pack"}]},{"@type":"WebSite","@id":"https:\/\/medusa-sdp.com\/en\/#website","url":"https:\/\/medusa-sdp.com\/en\/","name":"Medusa","description":"Ak\u0131ll\u0131 Dezenfektan Korumas\u0131","publisher":{"@id":"https:\/\/medusa-sdp.com\/en\/#organization"},"potentialAction":[{"@type":"SearchAction","target":{"@type":"EntryPoint","urlTemplate":"https:\/\/medusa-sdp.com\/en\/?s={search_term_string}"},"query-input":{"@type":"PropertyValueSpecification","valueRequired":true,"valueName":"search_term_string"}}],"inLanguage":"tr"},{"@type":"Organization","@id":"https:\/\/medusa-sdp.com\/en\/#organization","name":"CS Interpharm Genel Ticaret A.\u015e.","url":"https:\/\/medusa-sdp.com\/en\/","logo":{"@type":"ImageObject","inLanguage":"tr","@id":"https:\/\/medusa-sdp.com\/en\/#\/schema\/logo\/image\/","url":"https:\/\/medusa-sdp.com\/wp-content\/uploads\/2025\/05\/medusa-logo-1.png","contentUrl":"https:\/\/medusa-sdp.com\/wp-content\/uploads\/2025\/05\/medusa-logo-1.png","width":415,"height":255,"caption":"CS Interpharm General Trading Co. L.L.C."},"image":{"@id":"https:\/\/medusa-sdp.com\/en\/#\/schema\/logo\/image\/"}}]}},"_links":{"self":[{"href":"https:\/\/medusa-sdp.com\/tr\/wp-json\/wp\/v2\/product\/9186","targetHints":{"allow":["GET"]}}],"collection":[{"href":"https:\/\/medusa-sdp.com\/tr\/wp-json\/wp\/v2\/product"}],"about":[{"href":"https:\/\/medusa-sdp.com\/tr\/wp-json\/wp\/v2\/types\/product"}],"replies":[{"embeddable":true,"href":"https:\/\/medusa-sdp.com\/tr\/wp-json\/wp\/v2\/comments?post=9186"}],"wp:featuredmedia":[{"embeddable":true,"href":"https:\/\/medusa-sdp.com\/tr\/wp-json\/wp\/v2\/media\/10413"}],"wp:attachment":[{"href":"https:\/\/medusa-sdp.com\/tr\/wp-json\/wp\/v2\/media?parent=9186"}],"wp:term":[{"taxonomy":"product_brand","embeddable":true,"href":"https:\/\/medusa-sdp.com\/tr\/wp-json\/wp\/v2\/product_brand?post=9186"},{"taxonomy":"product_cat","embeddable":true,"href":"https:\/\/medusa-sdp.com\/tr\/wp-json\/wp\/v2\/product_cat?post=9186"},{"taxonomy":"product_tag","embeddable":true,"href":"https:\/\/medusa-sdp.com\/tr\/wp-json\/wp\/v2\/product_tag?post=9186"}],"curies":[{"name":"wp","href":"https:\/\/api.w.org\/{rel}","templated":true}]}}