{"id":9187,"date":"2026-01-11T18:04:12","date_gmt":"2026-01-11T18:04:12","guid":{"rendered":"https:\/\/medusa-sdp.com\/?post_type=product&#038;p=9187"},"modified":"2026-02-03T14:17:36","modified_gmt":"2026-02-03T14:17:36","slug":"medusa-wet-wipes-alcohol-free-pouch-for-canister-refill","status":"publish","type":"product","link":"https:\/\/medusa-sdp.com\/tr\/urun\/medusa-wet-wipes-alcohol-free-pouch-for-canister-refill\/","title":{"rendered":"MEDUSA Islak Mendil Teneke Kutu Dolumu \u0130\u00e7in Alkols\u00fcz Po\u015fet"},"content":{"rendered":"<p>Mikroplar\u0131 \u00f6ld\u00fcren ve y\u00fczeyleri hijyenik olarak temiz tutan alkols\u00fcz bir form\u00fcle \u00f6nceden bat\u0131r\u0131lm\u0131\u015f 100 MEDUSA dezenfektan mendil i\u00e7eren dolum po\u015feti. MEDUSA Alkols\u00fcz Mendil, nazik ancak tavizsiz hijyen gerektiren ortamlar i\u00e7in nihai \u00e7\u00f6z\u00fcmd\u00fcr. Performanstan \u00f6d\u00fcn vermeden g\u00fcvenlik i\u00e7in form\u00fcle edilen bu \u00fcr\u00fcn, hassas y\u00fczeyler ve hassas alanlar i\u00e7in idealdir.<\/p>\n<p><strong>M\u0130KTAR :<\/strong> 100 Mendil<\/p>\n<p><strong>\u00d6ZELL\u0130KLER :<\/strong> Teneke Kutu Dolumu i\u00e7in Kese<\/p>","protected":false},"excerpt":{"rendered":"<ol>\n<li>Di-desil di-metil Amonyum Klor\u00fcr<\/li>\n<li>Benzalkonyum Klor\u00fcr<\/li>\n<li>Polyquat DMA\/E 50<\/li>\n<li>Pamuklu Mendil<\/li>\n<\/ol>","protected":false},"featured_media":10414,"comment_status":"open","ping_status":"closed","template":"","meta":[],"product_brand":[],"product_cat":[96],"product_tag":[72,76],"class_list":{"0":"post-9187","1":"product","2":"type-product","3":"status-publish","4":"has-post-thumbnail","6":"product_cat-wet-wipes","7":"product_tag-disinfectant","8":"product_tag-pouch","10":"first","11":"instock","12":"sale","13":"taxable","14":"shipping-taxable","15":"purchasable","16":"product-type-simple"},"yoast_head":"<!-- This site is optimized with the Yoast SEO plugin v27.5 - https:\/\/yoast.com\/product\/yoast-seo-wordpress\/ -->\n<title>MEDUSA Wet Wipes Alcohol Free Pouch For Canister Refill - Medusa<\/title>\n<meta name=\"robots\" content=\"index, follow, max-snippet:-1, max-image-preview:large, max-video-preview:-1\" \/>\n<link rel=\"canonical\" href=\"https:\/\/medusa-sdp.com\/tr\/urun\/medusa-wet-wipes-alcohol-free-pouch-for-canister-refill\/\" \/>\n<meta property=\"og:locale\" content=\"tr_TR\" \/>\n<meta property=\"og:type\" content=\"article\" \/>\n<meta property=\"og:title\" content=\"MEDUSA Wet Wipes Alcohol Free Pouch For Canister Refill - Medusa\" \/>\n<meta property=\"og:description\" content=\"Di-decyl di-methyl Ammonium Chloride  Benzalkonium Chloride  Polyquat DMA\/E 50  Cotton Wipes\" \/>\n<meta property=\"og:url\" content=\"https:\/\/medusa-sdp.com\/tr\/urun\/medusa-wet-wipes-alcohol-free-pouch-for-canister-refill\/\" \/>\n<meta property=\"og:site_name\" content=\"Medusa\" \/>\n<meta property=\"article:modified_time\" content=\"2026-02-03T14:17:36+00:00\" \/>\n<meta property=\"og:image\" content=\"https:\/\/medusa-sdp.com\/wp-content\/uploads\/2026\/01\/MEDUSA-Alcohol-Free-Wipes-Pouch-100-Refill.jpg\" \/>\n\t<meta property=\"og:image:width\" content=\"1080\" \/>\n\t<meta property=\"og:image:height\" content=\"1080\" \/>\n\t<meta property=\"og:image:type\" content=\"image\/jpeg\" \/>\n<meta name=\"twitter:card\" content=\"summary_large_image\" \/>\n<script type=\"application\/ld+json\" class=\"yoast-schema-graph\">{\"@context\":\"https:\\\/\\\/schema.org\",\"@graph\":[{\"@type\":\"WebPage\",\"@id\":\"https:\\\/\\\/medusa-sdp.com\\\/product\\\/medusa-wet-wipes-alcohol-free-pouch-for-canister-refill\\\/\",\"url\":\"https:\\\/\\\/medusa-sdp.com\\\/product\\\/medusa-wet-wipes-alcohol-free-pouch-for-canister-refill\\\/\",\"name\":\"MEDUSA Wet Wipes Alcohol Free Pouch For Canister Refill - Medusa\",\"isPartOf\":{\"@id\":\"https:\\\/\\\/medusa-sdp.com\\\/en\\\/#website\"},\"primaryImageOfPage\":{\"@id\":\"https:\\\/\\\/medusa-sdp.com\\\/product\\\/medusa-wet-wipes-alcohol-free-pouch-for-canister-refill\\\/#primaryimage\"},\"image\":{\"@id\":\"https:\\\/\\\/medusa-sdp.com\\\/product\\\/medusa-wet-wipes-alcohol-free-pouch-for-canister-refill\\\/#primaryimage\"},\"thumbnailUrl\":\"https:\\\/\\\/medusa-sdp.com\\\/wp-content\\\/uploads\\\/2026\\\/01\\\/MEDUSA-Alcohol-Free-Wipes-Pouch-100-Refill.jpg\",\"datePublished\":\"2026-01-11T18:04:12+00:00\",\"dateModified\":\"2026-02-03T14:17:36+00:00\",\"breadcrumb\":{\"@id\":\"https:\\\/\\\/medusa-sdp.com\\\/product\\\/medusa-wet-wipes-alcohol-free-pouch-for-canister-refill\\\/#breadcrumb\"},\"inLanguage\":\"tr\",\"potentialAction\":[{\"@type\":\"ReadAction\",\"target\":[\"https:\\\/\\\/medusa-sdp.com\\\/product\\\/medusa-wet-wipes-alcohol-free-pouch-for-canister-refill\\\/\"]}]},{\"@type\":\"ImageObject\",\"inLanguage\":\"tr\",\"@id\":\"https:\\\/\\\/medusa-sdp.com\\\/product\\\/medusa-wet-wipes-alcohol-free-pouch-for-canister-refill\\\/#primaryimage\",\"url\":\"https:\\\/\\\/medusa-sdp.com\\\/wp-content\\\/uploads\\\/2026\\\/01\\\/MEDUSA-Alcohol-Free-Wipes-Pouch-100-Refill.jpg\",\"contentUrl\":\"https:\\\/\\\/medusa-sdp.com\\\/wp-content\\\/uploads\\\/2026\\\/01\\\/MEDUSA-Alcohol-Free-Wipes-Pouch-100-Refill.jpg\",\"width\":1080,\"height\":1080,\"caption\":\"Glossy Foil Parcel Delivery Bag Branding Mockup\"},{\"@type\":\"BreadcrumbList\",\"@id\":\"https:\\\/\\\/medusa-sdp.com\\\/product\\\/medusa-wet-wipes-alcohol-free-pouch-for-canister-refill\\\/#breadcrumb\",\"itemListElement\":[{\"@type\":\"ListItem\",\"position\":1,\"name\":\"Home\",\"item\":\"https:\\\/\\\/medusa-sdp.com\\\/en\\\/\"},{\"@type\":\"ListItem\",\"position\":2,\"name\":\"Shop\",\"item\":\"https:\\\/\\\/medusa-sdp.com\\\/shop\\\/\"},{\"@type\":\"ListItem\",\"position\":3,\"name\":\"MEDUSA Wet Wipes Alcohol Free Pouch For Canister Refill\"}]},{\"@type\":\"WebSite\",\"@id\":\"https:\\\/\\\/medusa-sdp.com\\\/en\\\/#website\",\"url\":\"https:\\\/\\\/medusa-sdp.com\\\/en\\\/\",\"name\":\"Medusa\",\"description\":\"Smart Disinfectant Protection\",\"publisher\":{\"@id\":\"https:\\\/\\\/medusa-sdp.com\\\/en\\\/#organization\"},\"potentialAction\":[{\"@type\":\"SearchAction\",\"target\":{\"@type\":\"EntryPoint\",\"urlTemplate\":\"https:\\\/\\\/medusa-sdp.com\\\/en\\\/?s={search_term_string}\"},\"query-input\":{\"@type\":\"PropertyValueSpecification\",\"valueRequired\":true,\"valueName\":\"search_term_string\"}}],\"inLanguage\":\"tr\"},{\"@type\":\"Organization\",\"@id\":\"https:\\\/\\\/medusa-sdp.com\\\/en\\\/#organization\",\"name\":\"CS Interpharm General Trading Co. L.L.C.\",\"url\":\"https:\\\/\\\/medusa-sdp.com\\\/en\\\/\",\"logo\":{\"@type\":\"ImageObject\",\"inLanguage\":\"tr\",\"@id\":\"https:\\\/\\\/medusa-sdp.com\\\/en\\\/#\\\/schema\\\/logo\\\/image\\\/\",\"url\":\"https:\\\/\\\/medusa-sdp.com\\\/wp-content\\\/uploads\\\/2025\\\/05\\\/medusa-logo-1.png\",\"contentUrl\":\"https:\\\/\\\/medusa-sdp.com\\\/wp-content\\\/uploads\\\/2025\\\/05\\\/medusa-logo-1.png\",\"width\":415,\"height\":255,\"caption\":\"CS Interpharm General Trading Co. L.L.C.\"},\"image\":{\"@id\":\"https:\\\/\\\/medusa-sdp.com\\\/en\\\/#\\\/schema\\\/logo\\\/image\\\/\"}}]}<\/script>\n<!-- \/ Yoast SEO plugin. -->","yoast_head_json":{"title":"MEDUSA Alkol \u0130\u00e7ermeyen Mendil Kavanozu Yenileme Paketi - Medusa","robots":{"index":"index","follow":"follow","max-snippet":"max-snippet:-1","max-image-preview":"max-image-preview:large","max-video-preview":"max-video-preview:-1"},"canonical":"https:\/\/medusa-sdp.com\/tr\/urun\/medusa-wet-wipes-alcohol-free-pouch-for-canister-refill\/","og_locale":"tr_TR","og_type":"article","og_title":"MEDUSA Wet Wipes Alcohol Free Pouch For Canister Refill - Medusa","og_description":"Di-decyl di-methyl Ammonium Chloride  Benzalkonium Chloride  Polyquat DMA\/E 50  Cotton Wipes","og_url":"https:\/\/medusa-sdp.com\/tr\/urun\/medusa-wet-wipes-alcohol-free-pouch-for-canister-refill\/","og_site_name":"Medusa","article_modified_time":"2026-02-03T14:17:36+00:00","og_image":[{"width":1080,"height":1080,"url":"https:\/\/medusa-sdp.com\/wp-content\/uploads\/2026\/01\/MEDUSA-Alcohol-Free-Wipes-Pouch-100-Refill.jpg","type":"image\/jpeg"}],"twitter_card":"summary_large_image","schema":{"@context":"https:\/\/schema.org","@graph":[{"@type":"WebPage","@id":"https:\/\/medusa-sdp.com\/product\/medusa-wet-wipes-alcohol-free-pouch-for-canister-refill\/","url":"https:\/\/medusa-sdp.com\/product\/medusa-wet-wipes-alcohol-free-pouch-for-canister-refill\/","name":"MEDUSA Alkol \u0130\u00e7ermeyen Mendil Kavanozu Yenileme Paketi - Medusa","isPartOf":{"@id":"https:\/\/medusa-sdp.com\/en\/#website"},"primaryImageOfPage":{"@id":"https:\/\/medusa-sdp.com\/product\/medusa-wet-wipes-alcohol-free-pouch-for-canister-refill\/#primaryimage"},"image":{"@id":"https:\/\/medusa-sdp.com\/product\/medusa-wet-wipes-alcohol-free-pouch-for-canister-refill\/#primaryimage"},"thumbnailUrl":"https:\/\/medusa-sdp.com\/wp-content\/uploads\/2026\/01\/MEDUSA-Alcohol-Free-Wipes-Pouch-100-Refill.jpg","datePublished":"2026-01-11T18:04:12+00:00","dateModified":"2026-02-03T14:17:36+00:00","breadcrumb":{"@id":"https:\/\/medusa-sdp.com\/product\/medusa-wet-wipes-alcohol-free-pouch-for-canister-refill\/#breadcrumb"},"inLanguage":"tr","potentialAction":[{"@type":"ReadAction","target":["https:\/\/medusa-sdp.com\/product\/medusa-wet-wipes-alcohol-free-pouch-for-canister-refill\/"]}]},{"@type":"ImageObject","inLanguage":"tr","@id":"https:\/\/medusa-sdp.com\/product\/medusa-wet-wipes-alcohol-free-pouch-for-canister-refill\/#primaryimage","url":"https:\/\/medusa-sdp.com\/wp-content\/uploads\/2026\/01\/MEDUSA-Alcohol-Free-Wipes-Pouch-100-Refill.jpg","contentUrl":"https:\/\/medusa-sdp.com\/wp-content\/uploads\/2026\/01\/MEDUSA-Alcohol-Free-Wipes-Pouch-100-Refill.jpg","width":1080,"height":1080,"caption":"Glossy Foil Parcel Delivery Bag Branding Mockup"},{"@type":"BreadcrumbList","@id":"https:\/\/medusa-sdp.com\/product\/medusa-wet-wipes-alcohol-free-pouch-for-canister-refill\/#breadcrumb","itemListElement":[{"@type":"ListItem","position":1,"name":"Home","item":"https:\/\/medusa-sdp.com\/en\/"},{"@type":"ListItem","position":2,"name":"Shop","item":"https:\/\/medusa-sdp.com\/shop\/"},{"@type":"ListItem","position":3,"name":"MEDUSA Wet Wipes Alcohol Free Pouch For Canister Refill"}]},{"@type":"WebSite","@id":"https:\/\/medusa-sdp.com\/en\/#website","url":"https:\/\/medusa-sdp.com\/en\/","name":"Medusa","description":"Ak\u0131ll\u0131 Dezenfektan Korumas\u0131","publisher":{"@id":"https:\/\/medusa-sdp.com\/en\/#organization"},"potentialAction":[{"@type":"SearchAction","target":{"@type":"EntryPoint","urlTemplate":"https:\/\/medusa-sdp.com\/en\/?s={search_term_string}"},"query-input":{"@type":"PropertyValueSpecification","valueRequired":true,"valueName":"search_term_string"}}],"inLanguage":"tr"},{"@type":"Organization","@id":"https:\/\/medusa-sdp.com\/en\/#organization","name":"CS Interpharm Genel Ticaret A.\u015e.","url":"https:\/\/medusa-sdp.com\/en\/","logo":{"@type":"ImageObject","inLanguage":"tr","@id":"https:\/\/medusa-sdp.com\/en\/#\/schema\/logo\/image\/","url":"https:\/\/medusa-sdp.com\/wp-content\/uploads\/2025\/05\/medusa-logo-1.png","contentUrl":"https:\/\/medusa-sdp.com\/wp-content\/uploads\/2025\/05\/medusa-logo-1.png","width":415,"height":255,"caption":"CS Interpharm General Trading Co. L.L.C."},"image":{"@id":"https:\/\/medusa-sdp.com\/en\/#\/schema\/logo\/image\/"}}]}},"_links":{"self":[{"href":"https:\/\/medusa-sdp.com\/tr\/wp-json\/wp\/v2\/product\/9187","targetHints":{"allow":["GET"]}}],"collection":[{"href":"https:\/\/medusa-sdp.com\/tr\/wp-json\/wp\/v2\/product"}],"about":[{"href":"https:\/\/medusa-sdp.com\/tr\/wp-json\/wp\/v2\/types\/product"}],"replies":[{"embeddable":true,"href":"https:\/\/medusa-sdp.com\/tr\/wp-json\/wp\/v2\/comments?post=9187"}],"wp:featuredmedia":[{"embeddable":true,"href":"https:\/\/medusa-sdp.com\/tr\/wp-json\/wp\/v2\/media\/10414"}],"wp:attachment":[{"href":"https:\/\/medusa-sdp.com\/tr\/wp-json\/wp\/v2\/media?parent=9187"}],"wp:term":[{"taxonomy":"product_brand","embeddable":true,"href":"https:\/\/medusa-sdp.com\/tr\/wp-json\/wp\/v2\/product_brand?post=9187"},{"taxonomy":"product_cat","embeddable":true,"href":"https:\/\/medusa-sdp.com\/tr\/wp-json\/wp\/v2\/product_cat?post=9187"},{"taxonomy":"product_tag","embeddable":true,"href":"https:\/\/medusa-sdp.com\/tr\/wp-json\/wp\/v2\/product_tag?post=9187"}],"curies":[{"name":"wp","href":"https:\/\/api.w.org\/{rel}","templated":true}]}}